
{"id":31601,"date":"2022-06-28T13:19:13","date_gmt":"2022-06-28T11:19:13","guid":{"rendered":"https:\/\/stonehouse.se\/produkt\/larmsandare-dalm5000-ip-4g\/"},"modified":"2026-04-08T16:49:44","modified_gmt":"2026-04-08T14:49:44","slug":"larmsandare-dalm5000-ip-4g","status":"publish","type":"product","link":"https:\/\/stonehouse.se\/en\/product\/larmsandare-dalm5000-ip-4g\/","title":{"rendered":"Larms\u00e4ndare Dalm5000 Ip\/4G"},"content":{"rendered":"<p>DALM IP Communicator \u00e4r en extern larms\u00e4ndare f\u00f6r inbrott, brand -o driftlarm. Telelinjeutg\u00e5ng hanterar SIA, CID, Robofon och konverterar till IP-protokoll V4 f\u00f6r \u00f6verf\u00f6ring till LC. 8 ing\u00e5ngar f\u00f6r larm och 4 utg\u00e5ngar. Skickar SMS och mail. 4 IP-kameror kan anslutas. DALM ger enkel fj\u00e4rraccess till ansluten centralapparat. Tillbeh\u00f6ret Sim-kortet SecureSIM24 \u00e4r roamande och ger optimal tillg\u00e4nglighet. Dessutom tillg\u00e5ng till tj\u00e4nsten EagleEye Kund APP med bildvisning,fj\u00e4rrstyrning och larmbesked via mobiltelefon.<\/p>","protected":false},"excerpt":{"rendered":"<p>DALM IP Communicator \u00e4r en extern larms\u00e4ndare f\u00f6r inbrott, brand -o driftlarm. Telelinjeutg\u00e5ng hanterar SIA, CID, Robofon och konverterar till<\/p>","protected":false},"featured_media":83280,"template":"","meta":{"_acf_changed":false},"product_brand":[],"product_cat":[472],"product_tag":[1589],"class_list":{"0":"post-31601","1":"product","2":"type-product","3":"status-publish","4":"has-post-thumbnail","6":"product_cat-larmoverforing","7":"product_tag-larmoverforing-4g-sandare-med-ip-klass-3-4","8":"product_shipping_class-tunga-paket","9":"pa_brands-addsecure","10":"tm-no-options","12":"first","13":"instock","14":"sale","15":"featured","16":"taxable","17":"shipping-taxable","18":"product-type-simple"},"acf":[],"_links":{"self":[{"href":"https:\/\/stonehouse.se\/en\/wp-json\/wp\/v2\/product\/31601","targetHints":{"allow":["GET"]}}],"collection":[{"href":"https:\/\/stonehouse.se\/en\/wp-json\/wp\/v2\/product"}],"about":[{"href":"https:\/\/stonehouse.se\/en\/wp-json\/wp\/v2\/types\/product"}],"wp:featuredmedia":[{"embeddable":true,"href":"https:\/\/stonehouse.se\/en\/wp-json\/wp\/v2\/media\/83280"}],"wp:attachment":[{"href":"https:\/\/stonehouse.se\/en\/wp-json\/wp\/v2\/media?parent=31601"}],"wp:term":[{"taxonomy":"product_brand","embeddable":true,"href":"https:\/\/stonehouse.se\/en\/wp-json\/wp\/v2\/product_brand?post=31601"},{"taxonomy":"product_cat","embeddable":true,"href":"https:\/\/stonehouse.se\/en\/wp-json\/wp\/v2\/product_cat?post=31601"},{"taxonomy":"product_tag","embeddable":true,"href":"https:\/\/stonehouse.se\/en\/wp-json\/wp\/v2\/product_tag?post=31601"}],"curies":[{"name":"wp","href":"https:\/\/api.w.org\/{rel}","templated":true}]}}