
{"id":31608,"date":"2022-06-28T13:18:47","date_gmt":"2022-06-28T11:18:47","guid":{"rendered":"https:\/\/stonehouse.se\/produkt\/ip-larmsand-airborne-dc\/"},"modified":"2026-04-08T16:54:52","modified_gmt":"2026-04-08T14:54:52","slug":"ip-larmsand-airborne-dc","status":"publish","type":"product","link":"https:\/\/stonehouse.se\/en\/product\/ip-larmsand-airborne-dc\/","title":{"rendered":"IP + 4G Larms\u00e4ndare Airborne DC &#8211; STC00275"},"content":{"rendered":"<p data-start=\"90\" data-end=\"157\"><strong data-start=\"90\" data-end=\"157\">Airborne DC \u2013 Kompakt IP-larms\u00e4ndare med mobiln\u00e4tskommunikation<\/strong><\/p>\n<p data-start=\"159\" data-end=\"173\"><strong data-start=\"159\" data-end=\"171\">\u00d6versikt<\/strong><\/p>\n<ul data-start=\"174\" data-end=\"349\">\n<li data-start=\"174\" data-end=\"272\"><strong data-start=\"176\" data-end=\"195\">Kompakt design:<\/strong> En liten, kompakt enhet som enkelt f\u00e5r plats i de flesta centralapparater.<\/li>\n<li data-start=\"273\" data-end=\"349\"><strong data-start=\"275\" data-end=\"306\">Prim\u00e4r kommunikationskanal:<\/strong> Anv\u00e4nder mobiln\u00e4tet f\u00f6r att \u00f6verf\u00f6ra larm.<\/li>\n<\/ul>\n<p data-start=\"351\" data-end=\"389\"><strong data-start=\"351\" data-end=\"387\">Kommunikation och Larm\u00f6verf\u00f6ring<\/strong><\/p>\n<ul data-start=\"390\" data-end=\"882\">\n<li data-start=\"390\" data-end=\"467\"><strong data-start=\"392\" data-end=\"415\">Anv\u00e4ndningsomr\u00e5den:<\/strong> \u00d6verf\u00f6r larm vid inbrott, brand och tekniska fel.<\/li>\n<li data-start=\"468\" data-end=\"623\"><strong data-start=\"470\" data-end=\"491\">Mobilteknologier:<\/strong> Kombinerar LTE (4G), GPRS (2G) och SMS, med roaming mellan flera operat\u00f6rer, vilket s\u00e4kerst\u00e4ller maximal kvalitet och stabilitet.<\/li>\n<li data-start=\"624\" data-end=\"754\"><strong data-start=\"626\" data-end=\"649\">Felkodrapportering:<\/strong> Kontinuerlig \u00f6vervakning via mobiln\u00e4tet med felrapportering efter 3 minuter, 30 minuter och 25 timmar.<\/li>\n<li data-start=\"755\" data-end=\"882\"><strong data-start=\"757\" data-end=\"784\">Automatisk n\u00e4tverksval:<\/strong> V\u00e4ljer alltid det mest tillg\u00e4ngliga mobiln\u00e4tet f\u00f6r att s\u00e4kerst\u00e4lla att larmet n\u00e5r r\u00e4tt mottagare.<\/li>\n<\/ul>\n<p data-start=\"884\" data-end=\"916\"><strong data-start=\"884\" data-end=\"914\">Anslutningar och Protokoll<\/strong><\/p>\n<ul data-start=\"917\" data-end=\"1354\">\n<li data-start=\"917\" data-end=\"1023\"><strong data-start=\"919\" data-end=\"943\">Simulerad telelinje:<\/strong> Genererar en PSTN-liknande linje med inbyggd uppringare f\u00f6r centralapparater.<\/li>\n<li data-start=\"1024\" data-end=\"1101\"><strong data-start=\"1026\" data-end=\"1045\">Digitalisering:<\/strong> Omvandlar analoga protokoll till digital information.<\/li>\n<li data-start=\"1102\" data-end=\"1354\"><strong data-start=\"1104\" data-end=\"1125\">In- och utg\u00e5ngar:<\/strong>\n<ul data-start=\"1130\" data-end=\"1354\">\n<li data-start=\"1130\" data-end=\"1236\">Tv\u00e5 ing\u00e5ngar d\u00e4r en eller b\u00e5da kan omkonfigureras till styrbara utg\u00e5ngar (transistor\/\u00f6ppen kollektor).<\/li>\n<li data-start=\"1239\" data-end=\"1354\">Serieport som m\u00f6jligg\u00f6r \u00f6verf\u00f6ring av klartextinformation via ESPA-444 (anv\u00e4nds t.ex. vid brandlarmanl\u00e4ggningar).<\/li>\n<\/ul>\n<\/li>\n<\/ul>\n<p data-start=\"1356\" data-end=\"1393\"><strong data-start=\"1356\" data-end=\"1391\">Programmering och Uppdateringar<\/strong><\/p>\n<ul data-start=\"1394\" data-end=\"1612\">\n<li data-start=\"1394\" data-end=\"1464\"><strong data-start=\"1396\" data-end=\"1419\">Fj\u00e4rrprogrammering:<\/strong> St\u00f6d f\u00f6r mer \u00e4n 80 olika centralapparater.<\/li>\n<li data-start=\"1465\" data-end=\"1612\"><strong data-start=\"1467\" data-end=\"1493\">Mjukvaruuppdateringar:<\/strong> Uppdateras vid behov av supportteamet, exempelvis vid f\u00f6r\u00e4ndringar i mobiln\u00e4tet eller n\u00e4r nya funktioner introduceras.<\/li>\n<\/ul>\n<p data-start=\"1614\" data-end=\"1650\"><strong data-start=\"1614\" data-end=\"1648\">Installation och Funktionstest<\/strong><\/p>\n<ul data-start=\"1651\" data-end=\"1847\">\n<li data-start=\"1651\" data-end=\"1738\"><strong data-start=\"1653\" data-end=\"1676\">Enkel installation:<\/strong> Snabb och smidig installation med automatisk konfigurering.<\/li>\n<li data-start=\"1739\" data-end=\"1847\"><strong data-start=\"1741\" data-end=\"1764\">Oberoende testning:<\/strong> Installation och funktionstest genomf\u00f6rs utan beroende av tredjepartsleverant\u00f6rer.<\/li>\n<\/ul>\n<p data-start=\"1849\" data-end=\"1881\"><strong data-start=\"1849\" data-end=\"1879\">Larm- och Driftmeddelanden<\/strong><\/p>\n<ul data-start=\"1882\" data-end=\"2017\">\n<li data-start=\"1882\" data-end=\"2017\"><strong data-start=\"1884\" data-end=\"1911\">Flexibla inst\u00e4llningar:<\/strong> M\u00f6jlighet att rikta larm och driftmeddelanden till vald larmcentral, kundens mobiltelefon eller e-post.<\/li>\n<\/ul>\n<h4><strong>Inneh\u00e5ll:<\/strong><\/h4>\n<p>\u2022 Airborne DC kretskort<br \/>\n\u2022 Antenn med magnetfot (MMCX) och 0,75 m antennkabel<\/p>\n<p>Levereras utan kapsling.<\/p>","protected":false},"excerpt":{"rendered":"<p>Airborne DC<br \/>\nKretskort med 2G\/4G modul. Antenn (MMCX), 0,75 meter antennkabel.<br \/>\n2 ing\u00e5ngar\/utg\u00e5ngar. Avsedd f\u00f6r montering i centralapparat.<\/p>","protected":false},"featured_media":88881,"template":"","meta":{"_acf_changed":false},"product_brand":[],"product_cat":[2618,472],"product_tag":[1587],"class_list":{"0":"post-31608","1":"product","2":"type-product","3":"status-publish","4":"has-post-thumbnail","6":"product_cat-kampanjer","7":"product_cat-larmoverforing","8":"product_tag-larmoverforing-4g-sandare-med-ip-klass-2","9":"product_shipping_class-tunga-paket","10":"pa_brands-addsecure","11":"tm-no-options","13":"first","14":"instock","15":"sale","16":"featured","17":"taxable","18":"shipping-taxable","19":"product-type-simple"},"acf":[],"_links":{"self":[{"href":"https:\/\/stonehouse.se\/en\/wp-json\/wp\/v2\/product\/31608","targetHints":{"allow":["GET"]}}],"collection":[{"href":"https:\/\/stonehouse.se\/en\/wp-json\/wp\/v2\/product"}],"about":[{"href":"https:\/\/stonehouse.se\/en\/wp-json\/wp\/v2\/types\/product"}],"wp:featuredmedia":[{"embeddable":true,"href":"https:\/\/stonehouse.se\/en\/wp-json\/wp\/v2\/media\/88881"}],"wp:attachment":[{"href":"https:\/\/stonehouse.se\/en\/wp-json\/wp\/v2\/media?parent=31608"}],"wp:term":[{"taxonomy":"product_brand","embeddable":true,"href":"https:\/\/stonehouse.se\/en\/wp-json\/wp\/v2\/product_brand?post=31608"},{"taxonomy":"product_cat","embeddable":true,"href":"https:\/\/stonehouse.se\/en\/wp-json\/wp\/v2\/product_cat?post=31608"},{"taxonomy":"product_tag","embeddable":true,"href":"https:\/\/stonehouse.se\/en\/wp-json\/wp\/v2\/product_tag?post=31608"}],"curies":[{"name":"wp","href":"https:\/\/api.w.org\/{rel}","templated":true}]}}