
{"id":31609,"date":"2022-06-28T13:18:46","date_gmt":"2022-06-28T11:18:46","guid":{"rendered":"https:\/\/stonehouse.se\/produkt\/larmsandare-daas-startp-pro\/"},"modified":"2026-04-08T16:55:12","modified_gmt":"2026-04-08T14:55:12","slug":"larmsandare-daas-startp-pro","status":"publish","type":"product","link":"https:\/\/stonehouse.se\/en\/product\/larmsandare-daas-startp-pro\/","title":{"rendered":"Larms\u00e4ndare Daas Startp. Pro"},"content":{"rendered":"<p>Dualtechs DALM IP Communicator digitaliserar befintliga analoga larm och \u00f6ppnar helt nya och betydligt mer kostnadseffektiva m\u00f6jligheter. L\u00f6sningen levereras som en tj\u00e4nst som vi kallar DaaS \u2013 DALM as a Service. DALM IP Communicator har dubbla kommunikationsv\u00e4gar och anv\u00e4nds som extern larms\u00e4ndare i drift-, brand- och inbrottslarm. Telelinjeutg\u00e5ngen hanterar analogt larmprotokoll fr\u00e5n anslutet inbrottslarm och konverterar till TCP\/IP-protokoll f\u00f6r \u00f6verf\u00f6ring till larmcentral. DALM har ing\u00e5ngar f\u00f6r larm och utg\u00e5ngar som kan fj\u00e4rrman\u00f6vreras. Dessutom kan IP-kameror anslutas. DALM ger enkel fj\u00e4rraccess till anslutet inbrottslarm och vissa brandlarm. Med det inbyggda roamande SIM-kortet ges optimal s\u00e4kerhet och tillg\u00e4nglighet. Dessutom ges tillg\u00e5ng till nya s\u00e4kerhetstj\u00e4nster som t ex EagleEye Kundapp med bildvisning fr\u00e5n anslutna kameror, fj\u00e4rrstyrning och larmbesked direkt i kundens mobil, l\u00e4splatta och dator. L\u00f6sningen inneb\u00e4r att ett gammalt larm blir som nytt, f\u00f6r s\u00e5v\u00e4l f\u00f6retags- som privatkunder. Teleutg\u00e5ng f\u00f6r konvertering av SIA (niv\u00e5 1-3), SIA Hex, Contact ID och Robofon. 8 st ing\u00e5ngar. 4 st fj\u00e4rrstyrningsbara utg\u00e5ngar. Integrerat IP larmprotokoll V4. TCP\/IP larm\u00f6verf\u00f6ring via fasta Internet och\/eller 2G, 3G eller 4G till larmcentral och\/eller EagleEye. Kontinuerlig funktions- och f\u00f6rbindelse\u00f6vervakning genom pollning mellan DAoch larmcentral. Upp till 4 st IP-kameror kan anslutas. Larmklasser: 1-4 (SSF 114) och brand (SBF 110:7). Levereras med pl\u00e5tkapsling och sp\u00e4nningsaggregat 12V DC 1A och antenn med 0,5 meter kabel. Aggregatet har separat \u00f6vervakning av 230 VAC och batteristatus. Plats f\u00f6r 7,2 Ah batteri.<\/p>","protected":false},"excerpt":{"rendered":"<p>Dualtechs DALM IP Communicator digitaliserar befintliga analoga larm och \u00f6ppnar helt nya och betydligt mer kostnadseffektiva m\u00f6jligheter. L\u00f6sningen levereras som<\/p>","protected":false},"featured_media":83340,"template":"","meta":{"_acf_changed":false},"product_brand":[],"product_cat":[472],"product_tag":[1591],"class_list":{"0":"post-31609","1":"product","2":"type-product","3":"status-publish","4":"has-post-thumbnail","6":"product_cat-larmoverforing","7":"product_tag-larmoverforing-4g-sandare-klass-4-samt-brand","8":"product_shipping_class-tunga-paket","9":"pa_brands-addsecure","10":"tm-no-options","12":"first","13":"outofstock","14":"sale","15":"taxable","16":"shipping-taxable","17":"product-type-simple"},"acf":[],"_links":{"self":[{"href":"https:\/\/stonehouse.se\/en\/wp-json\/wp\/v2\/product\/31609","targetHints":{"allow":["GET"]}}],"collection":[{"href":"https:\/\/stonehouse.se\/en\/wp-json\/wp\/v2\/product"}],"about":[{"href":"https:\/\/stonehouse.se\/en\/wp-json\/wp\/v2\/types\/product"}],"wp:featuredmedia":[{"embeddable":true,"href":"https:\/\/stonehouse.se\/en\/wp-json\/wp\/v2\/media\/83340"}],"wp:attachment":[{"href":"https:\/\/stonehouse.se\/en\/wp-json\/wp\/v2\/media?parent=31609"}],"wp:term":[{"taxonomy":"product_brand","embeddable":true,"href":"https:\/\/stonehouse.se\/en\/wp-json\/wp\/v2\/product_brand?post=31609"},{"taxonomy":"product_cat","embeddable":true,"href":"https:\/\/stonehouse.se\/en\/wp-json\/wp\/v2\/product_cat?post=31609"},{"taxonomy":"product_tag","embeddable":true,"href":"https:\/\/stonehouse.se\/en\/wp-json\/wp\/v2\/product_tag?post=31609"}],"curies":[{"name":"wp","href":"https:\/\/api.w.org\/{rel}","templated":true}]}}