
{"id":31613,"date":"2022-06-28T13:18:26","date_gmt":"2022-06-28T11:18:26","guid":{"rendered":"https:\/\/stonehouse.se\/produkt\/security-router-4g-nena\/"},"modified":"2026-04-08T16:51:00","modified_gmt":"2026-04-08T14:51:00","slug":"security-router-4g-nena","status":"publish","type":"product","link":"https:\/\/stonehouse.se\/en\/product\/security-router-4g-nena\/","title":{"rendered":"Security Router 4G Nena"},"content":{"rendered":"<p>NENA 4G Security Router \u00e4r en effektiv och s\u00e4ker 4G Router f\u00f6r CCTV-, passer-, energi\u00f6vervakning-, fastighetsautomationssystem etc, dvs alla system som beh\u00f6ver en s\u00e4ker uppkoppling f\u00f6r \u00f6vervakning och fj\u00e4rraccess. NENA \u00e4r s\u00e4rskilt utvecklad med s\u00e4kerhetsindustrins h\u00f6gt st\u00e4llda krav och \u00e4r den optimala l\u00f6sningen n\u00e4r det saknas tillg\u00e5ng till fast internet. NENA \u00e4r grundmodellen som \u00e4r en idealisk l\u00f6sning n\u00e4r det saknas fast internetf\u00f6rbindelse och man vill ansluta ett system f\u00f6r \u00f6vervakning och fj\u00e4rraccess. Larms\u00e4ndarfunktioner och VPN finns dessutom som tillval. NENA har automatisk uppkoppling mot mobiln\u00e4ten med roamande funktion. Det integrerade SIM-kortet \u00e4r en f\u00f6ruts\u00e4ttning f\u00f6r en stabil och s\u00e4ker uppkoppling som skyddar mot intr\u00e5ng. Som installat\u00f6r anger du niv\u00e5 p\u00e5 datatillg\u00e5ng vid konfigureringen i EasyWebManager. Niv\u00e5n kan justeras vid behov. 1 st LAN med VPN (tillval), 1 st 4G\/3G\/2G modem 100 bps nedladding och 50 Mbps uppladdning, E-SIM Dualtech SecureSIM-E Roamande, St\u00f6d f\u00f6r digitalt larmprotokoll V4, E-mail, SMS (tillval), 8 st digitala ing\u00e5ngar, 2 st bi-stabila rel\u00e4utg\u00e5ngar, 1 st RS-232, 1 st RS-485. Levereras i pl\u00e5tkapsling med 0,5 m antennkabel.<\/p>","protected":false},"excerpt":{"rendered":"<p>NENA 4G Security Router \u00e4r en effektiv och s\u00e4ker 4G Router f\u00f6r CCTV-, passer-, energi\u00f6vervakning-, fastighetsautomationssystem etc, dvs alla system<\/p>","protected":false},"featured_media":83348,"template":"","meta":{"_acf_changed":false},"product_brand":[],"product_cat":[472],"product_tag":[1591],"class_list":{"0":"post-31613","1":"product","2":"type-product","3":"status-publish","4":"has-post-thumbnail","6":"product_cat-larmoverforing","7":"product_tag-larmoverforing-4g-sandare-klass-4-samt-brand","8":"product_shipping_class-tunga-paket","9":"pa_brands-addsecure","10":"tm-no-options","12":"first","13":"outofstock","14":"sale","15":"taxable","16":"shipping-taxable","17":"product-type-simple"},"acf":[],"_links":{"self":[{"href":"https:\/\/stonehouse.se\/en\/wp-json\/wp\/v2\/product\/31613","targetHints":{"allow":["GET"]}}],"collection":[{"href":"https:\/\/stonehouse.se\/en\/wp-json\/wp\/v2\/product"}],"about":[{"href":"https:\/\/stonehouse.se\/en\/wp-json\/wp\/v2\/types\/product"}],"wp:featuredmedia":[{"embeddable":true,"href":"https:\/\/stonehouse.se\/en\/wp-json\/wp\/v2\/media\/83348"}],"wp:attachment":[{"href":"https:\/\/stonehouse.se\/en\/wp-json\/wp\/v2\/media?parent=31613"}],"wp:term":[{"taxonomy":"product_brand","embeddable":true,"href":"https:\/\/stonehouse.se\/en\/wp-json\/wp\/v2\/product_brand?post=31613"},{"taxonomy":"product_cat","embeddable":true,"href":"https:\/\/stonehouse.se\/en\/wp-json\/wp\/v2\/product_cat?post=31613"},{"taxonomy":"product_tag","embeddable":true,"href":"https:\/\/stonehouse.se\/en\/wp-json\/wp\/v2\/product_tag?post=31613"}],"curies":[{"name":"wp","href":"https:\/\/api.w.org\/{rel}","templated":true}]}}