
{"id":31617,"date":"2022-06-28T13:16:57","date_gmt":"2022-06-28T11:16:57","guid":{"rendered":"https:\/\/stonehouse.se\/produkt\/branddorrstang-kit-bdc-1a-kit\/"},"modified":"2026-04-08T16:36:42","modified_gmt":"2026-04-08T14:36:42","slug":"branddorrstang-kit-bdc-1a-kit","status":"publish","type":"product","link":"https:\/\/stonehouse.se\/en\/product\/branddorrstang-kit-bdc-1a-kit\/","title":{"rendered":"Brandd\u00f6rrst\u00e4ng.Kit Bdc-1A-Kit"},"content":{"rendered":"<p>Brandd\u00f6rrcentral med 2 r\u00f6kdetektorer inkl.socklar,d\u00f6rrmagnet,ankare,d\u00f6rrst\u00e4ngningsknapp. Centralen styr en eller tv\u00e5 d\u00f6rrar med f\u00f6rdr\u00f6jning f\u00f6r dubbeld\u00f6rr. Detektorslinga med \u00f6vervakning och \u00e4ndkrets. D\u00f6rrarna kan \u00e4ven st\u00e4ngas via d\u00f6rrst\u00e4ngningsknapp eller fj\u00e4rrstyrt fr\u00e5n annan anl\u00e4ggning typ brandlarmcentral. Sir\u00e9nutg\u00e5ngar f\u00f6r fast eller pulserande sp\u00e4nning. Larmrel\u00e4 och felrel\u00e4 med varsin potentialfri v\u00e4xling. Plats f\u00f6r batteribackup i kapslingen (batterier 2 x 12V\/0,8AH, E52 326 25) best\u00e4lls separat. Matningssp\u00e4nning: 230VAC, Internt: 24VDC.<\/p>","protected":false},"excerpt":{"rendered":"<p>Brandd\u00f6rrcentral med 2 r\u00f6kdetektorer inkl.socklar,d\u00f6rrmagnet,ankare,d\u00f6rrst\u00e4ngningsknapp. Centralen styr en eller tv\u00e5 d\u00f6rrar med f\u00f6rdr\u00f6jning f\u00f6r dubbeld\u00f6rr. Detektorslinga med \u00f6vervakning och \u00e4ndkrets.<\/p>","protected":false},"featured_media":83363,"template":"","meta":{"_acf_changed":false},"product_brand":[],"product_cat":[480],"product_tag":[],"class_list":{"0":"post-31617","1":"product","2":"type-product","3":"status-publish","4":"has-post-thumbnail","6":"product_cat-branddorrstangning","7":"product_shipping_class-tunga-paket","8":"pa_brands-ateco","9":"tm-no-options","11":"first","12":"instock","13":"sale","14":"taxable","15":"shipping-taxable","16":"product-type-simple"},"acf":[],"_links":{"self":[{"href":"https:\/\/stonehouse.se\/en\/wp-json\/wp\/v2\/product\/31617","targetHints":{"allow":["GET"]}}],"collection":[{"href":"https:\/\/stonehouse.se\/en\/wp-json\/wp\/v2\/product"}],"about":[{"href":"https:\/\/stonehouse.se\/en\/wp-json\/wp\/v2\/types\/product"}],"wp:featuredmedia":[{"embeddable":true,"href":"https:\/\/stonehouse.se\/en\/wp-json\/wp\/v2\/media\/83363"}],"wp:attachment":[{"href":"https:\/\/stonehouse.se\/en\/wp-json\/wp\/v2\/media?parent=31617"}],"wp:term":[{"taxonomy":"product_brand","embeddable":true,"href":"https:\/\/stonehouse.se\/en\/wp-json\/wp\/v2\/product_brand?post=31617"},{"taxonomy":"product_cat","embeddable":true,"href":"https:\/\/stonehouse.se\/en\/wp-json\/wp\/v2\/product_cat?post=31617"},{"taxonomy":"product_tag","embeddable":true,"href":"https:\/\/stonehouse.se\/en\/wp-json\/wp\/v2\/product_tag?post=31617"}],"curies":[{"name":"wp","href":"https:\/\/api.w.org\/{rel}","templated":true}]}}