
{"id":31619,"date":"2022-06-28T13:16:43","date_gmt":"2022-06-28T11:16:43","guid":{"rendered":"https:\/\/stonehouse.se\/produkt\/forsta-hjalpen-vaska-stor\/"},"modified":"2026-04-08T16:39:39","modified_gmt":"2026-04-08T14:39:39","slug":"forsta-hjalpen-vaska-stor","status":"publish","type":"product","link":"https:\/\/stonehouse.se\/en\/product\/forsta-hjalpen-vaska-stor\/","title":{"rendered":"F\u00f6rsta Hj\u00e4lpen V\u00e4ska Stor"},"content":{"rendered":"<p>&#8220;First Aid Large Pro Select&#8221; -komplett. F\u00f6rsta hj\u00e4lpen n\u00e4r skadan \u00e4r framme. V\u00e4skan inneh\u00e5ller 65 delar.V\u00e4skan \u00e4r tillverkad i ett slitstarkt materialsom t\u00e5l b\u00e5de fukt och smuts. Det gummeradehandtaget g\u00f6r den l\u00e4tt att b\u00e4ra och smidig atth\u00e4ngas upp p\u00e5 en krok.<\/p>","protected":false},"excerpt":{"rendered":"<p>&#8220;First Aid Large Pro Select&#8221; -komplett. F\u00f6rsta hj\u00e4lpen n\u00e4r skadan \u00e4r framme. V\u00e4skan inneh\u00e5ller 65 delar.V\u00e4skan \u00e4r tillverkad i ett<\/p>","protected":false},"featured_media":83560,"template":"","meta":{"_acf_changed":false},"product_brand":[],"product_cat":[493],"product_tag":[],"class_list":{"0":"post-31619","1":"product","2":"type-product","3":"status-publish","4":"has-post-thumbnail","6":"product_cat-forsta-hjalpen","7":"product_shipping_class-tunga-paket","8":"pa_brands-nexa","9":"tm-no-options","11":"first","12":"instock","13":"sale","14":"taxable","15":"shipping-taxable","16":"product-type-simple"},"acf":[],"_links":{"self":[{"href":"https:\/\/stonehouse.se\/en\/wp-json\/wp\/v2\/product\/31619","targetHints":{"allow":["GET"]}}],"collection":[{"href":"https:\/\/stonehouse.se\/en\/wp-json\/wp\/v2\/product"}],"about":[{"href":"https:\/\/stonehouse.se\/en\/wp-json\/wp\/v2\/types\/product"}],"wp:featuredmedia":[{"embeddable":true,"href":"https:\/\/stonehouse.se\/en\/wp-json\/wp\/v2\/media\/83560"}],"wp:attachment":[{"href":"https:\/\/stonehouse.se\/en\/wp-json\/wp\/v2\/media?parent=31619"}],"wp:term":[{"taxonomy":"product_brand","embeddable":true,"href":"https:\/\/stonehouse.se\/en\/wp-json\/wp\/v2\/product_brand?post=31619"},{"taxonomy":"product_cat","embeddable":true,"href":"https:\/\/stonehouse.se\/en\/wp-json\/wp\/v2\/product_cat?post=31619"},{"taxonomy":"product_tag","embeddable":true,"href":"https:\/\/stonehouse.se\/en\/wp-json\/wp\/v2\/product_tag?post=31619"}],"curies":[{"name":"wp","href":"https:\/\/api.w.org\/{rel}","templated":true}]}}