
{"id":31625,"date":"2022-06-28T13:15:40","date_gmt":"2022-06-28T11:15:40","guid":{"rendered":"https:\/\/stonehouse.se\/produkt\/brandslackarlarm-9v\/"},"modified":"2026-04-08T16:38:36","modified_gmt":"2026-04-08T14:38:36","slug":"brandslackarlarm-9v","status":"publish","type":"product","link":"https:\/\/stonehouse.se\/en\/product\/brandslackarlarm-9v\/","title":{"rendered":"Brandsl\u00e4ckarlarm 9V"},"content":{"rendered":"<p>BSA-1 \u00e4r ett v\u00e4l synligt larm f\u00f6r att undvika missbruk av brandsl\u00e4ckare. En wire monteras i ena \u00e4nden p\u00e5 sl\u00e4ckaren och andra \u00e4nden s\u00e4tts i brandsl\u00e4ckarlarmet. Om wiren dras ur larmet ljuder detta kraftigt och omgivningen blir uppm\u00e4rksam p\u00e5 tilltaget.<\/p>","protected":false},"excerpt":{"rendered":"<p>BSA-1 \u00e4r ett v\u00e4l synligt larm f\u00f6r att undvika missbruk av brandsl\u00e4ckare. En wire monteras i ena \u00e4nden p\u00e5 sl\u00e4ckaren<\/p>","protected":false},"featured_media":83193,"template":"","meta":{"_acf_changed":false},"product_brand":[],"product_cat":[461],"product_tag":[],"class_list":{"0":"post-31625","1":"product","2":"type-product","3":"status-publish","4":"has-post-thumbnail","6":"product_cat-brandslackare","7":"product_shipping_class-tunga-paket","8":"tm-no-options","10":"first","11":"outofstock","12":"sale","13":"taxable","14":"shipping-taxable","15":"product-type-simple"},"acf":[],"_links":{"self":[{"href":"https:\/\/stonehouse.se\/en\/wp-json\/wp\/v2\/product\/31625","targetHints":{"allow":["GET"]}}],"collection":[{"href":"https:\/\/stonehouse.se\/en\/wp-json\/wp\/v2\/product"}],"about":[{"href":"https:\/\/stonehouse.se\/en\/wp-json\/wp\/v2\/types\/product"}],"wp:featuredmedia":[{"embeddable":true,"href":"https:\/\/stonehouse.se\/en\/wp-json\/wp\/v2\/media\/83193"}],"wp:attachment":[{"href":"https:\/\/stonehouse.se\/en\/wp-json\/wp\/v2\/media?parent=31625"}],"wp:term":[{"taxonomy":"product_brand","embeddable":true,"href":"https:\/\/stonehouse.se\/en\/wp-json\/wp\/v2\/product_brand?post=31625"},{"taxonomy":"product_cat","embeddable":true,"href":"https:\/\/stonehouse.se\/en\/wp-json\/wp\/v2\/product_cat?post=31625"},{"taxonomy":"product_tag","embeddable":true,"href":"https:\/\/stonehouse.se\/en\/wp-json\/wp\/v2\/product_tag?post=31625"}],"curies":[{"name":"wp","href":"https:\/\/api.w.org\/{rel}","templated":true}]}}