
{"id":31626,"date":"2022-06-28T13:15:32","date_gmt":"2022-06-28T11:15:32","guid":{"rendered":"https:\/\/stonehouse.se\/produkt\/skumslackare-6l-21a-rod\/"},"modified":"2026-04-08T16:40:29","modified_gmt":"2026-04-08T14:40:29","slug":"skumslackare-6l-21a-rod","status":"publish","type":"product","link":"https:\/\/stonehouse.se\/en\/product\/skumslackare-6l-21a-rod\/","title":{"rendered":"Skumsl\u00e4ckare 6L 21A R\u00f6d"},"content":{"rendered":"<p>F\u00f6r sl\u00e4ckning av br\u00e4nder i fasta och flytande material som gasbr\u00e4nder och br\u00e4nder i elektronisk utrustning upp till 1000V. Effektklass 21A 144B C. \u00c5terfyllningsbar av beh\u00f6rig servicetekniker. V\u00e4ggf\u00e4ste medf\u00f6ljer. Tryckladdad skumsl\u00e4ckare AFFF-skum. Vikt, fylld: 13,7 kg. Sl\u00e4ckmedel: 6 L AFFF-skum. Drivgas: Nitrogen (N2). Arbetstryck: 14 bar vid +20\u00b0C. Funktionsduglig mellan +5\u00b0C och +60\u00b0C. (Frostk\u00e4nslig!) S\u00e4kerhetsavst\u00e5nd: 1 meter. T\u00f6mningstid: 22 sek. Sl\u00e4ckaren \u00e4r typgodk\u00e4nd enligt SS-EN3-7.<\/p>","protected":false},"excerpt":{"rendered":"<p>F\u00f6r sl\u00e4ckning av br\u00e4nder i fasta och flytande material som gasbr\u00e4nder och br\u00e4nder i elektronisk utrustning upp till 1000V. Effektklass<\/p>","protected":false},"featured_media":83392,"template":"","meta":{"_acf_changed":false},"product_brand":[],"product_cat":[461],"product_tag":[],"class_list":{"0":"post-31626","1":"product","2":"type-product","3":"status-publish","4":"has-post-thumbnail","6":"product_cat-brandslackare","7":"product_shipping_class-tunga-paket","8":"tm-no-options","10":"first","11":"outofstock","12":"sale","13":"taxable","14":"shipping-taxable","15":"product-type-simple"},"acf":[],"_links":{"self":[{"href":"https:\/\/stonehouse.se\/en\/wp-json\/wp\/v2\/product\/31626","targetHints":{"allow":["GET"]}}],"collection":[{"href":"https:\/\/stonehouse.se\/en\/wp-json\/wp\/v2\/product"}],"about":[{"href":"https:\/\/stonehouse.se\/en\/wp-json\/wp\/v2\/types\/product"}],"wp:featuredmedia":[{"embeddable":true,"href":"https:\/\/stonehouse.se\/en\/wp-json\/wp\/v2\/media\/83392"}],"wp:attachment":[{"href":"https:\/\/stonehouse.se\/en\/wp-json\/wp\/v2\/media?parent=31626"}],"wp:term":[{"taxonomy":"product_brand","embeddable":true,"href":"https:\/\/stonehouse.se\/en\/wp-json\/wp\/v2\/product_brand?post=31626"},{"taxonomy":"product_cat","embeddable":true,"href":"https:\/\/stonehouse.se\/en\/wp-json\/wp\/v2\/product_cat?post=31626"},{"taxonomy":"product_tag","embeddable":true,"href":"https:\/\/stonehouse.se\/en\/wp-json\/wp\/v2\/product_tag?post=31626"}],"curies":[{"name":"wp","href":"https:\/\/api.w.org\/{rel}","templated":true}]}}