
{"id":31629,"date":"2022-06-28T13:15:24","date_gmt":"2022-06-28T11:15:24","guid":{"rendered":"https:\/\/stonehouse.se\/produkt\/pulverslackare-2-kg-rod-13a\/"},"modified":"2026-04-08T16:46:51","modified_gmt":"2026-04-08T14:46:51","slug":"pulverslackare-2-kg-rod-13a","status":"publish","type":"product","link":"https:\/\/stonehouse.se\/en\/product\/pulverslackare-2-kg-rod-13a\/","title":{"rendered":"Pulversl\u00e4ckare 2 Kg R\u00f6d 13A"},"content":{"rendered":"<p>L\u00e4mplig i l\u00e4genheten, sommarstugan, f\u00f6rr\u00e5det, husvagnen, husbilen, bilen, b\u00e5ten etc. Effektklass 13A 89B C. Kvalitetss\u00e4krad och certifierad av DNV. \u00c5terfyllningsbar av beh\u00f6rig servicetekniker. V\u00e4ggf\u00e4ste medf\u00f6ljer. Tryckladdad pulversl\u00e4ckare, torrt kemikaliskt pulver. Vikt, fylld: 3,7 kg. Sl\u00e4ckmedel: ABC-pulver. Drivgas: Nitrogen (N2). Arbetstryck: 14 bar vid +20\u00b0C. Funktionsduglig mellan -30\u00b0C och +60\u00b0C. S\u00e4kerhetsavst\u00e5nd: 1 meter. T\u00f6mningstid: 13 sek. Sl\u00e4ckaren \u00e4r typgodk\u00e4nd enligt SS-EN3-7.Ing\u00e5r i Pro Select<\/p>","protected":false},"excerpt":{"rendered":"<p>L\u00e4mplig i l\u00e4genheten, sommarstugan, f\u00f6rr\u00e5det, husvagnen, husbilen, bilen, b\u00e5ten etc. Effektklass 13A 89B C. Kvalitetss\u00e4krad och certifierad av DNV. \u00c5terfyllningsbar<\/p>","protected":false},"featured_media":83592,"template":"","meta":{"_acf_changed":false},"product_brand":[],"product_cat":[461],"product_tag":[],"class_list":{"0":"post-31629","1":"product","2":"type-product","3":"status-publish","4":"has-post-thumbnail","6":"product_cat-brandslackare","7":"product_shipping_class-tunga-paket","8":"tm-no-options","10":"first","11":"outofstock","12":"sale","13":"taxable","14":"shipping-taxable","15":"product-type-simple"},"acf":[],"_links":{"self":[{"href":"https:\/\/stonehouse.se\/en\/wp-json\/wp\/v2\/product\/31629","targetHints":{"allow":["GET"]}}],"collection":[{"href":"https:\/\/stonehouse.se\/en\/wp-json\/wp\/v2\/product"}],"about":[{"href":"https:\/\/stonehouse.se\/en\/wp-json\/wp\/v2\/types\/product"}],"wp:featuredmedia":[{"embeddable":true,"href":"https:\/\/stonehouse.se\/en\/wp-json\/wp\/v2\/media\/83592"}],"wp:attachment":[{"href":"https:\/\/stonehouse.se\/en\/wp-json\/wp\/v2\/media?parent=31629"}],"wp:term":[{"taxonomy":"product_brand","embeddable":true,"href":"https:\/\/stonehouse.se\/en\/wp-json\/wp\/v2\/product_brand?post=31629"},{"taxonomy":"product_cat","embeddable":true,"href":"https:\/\/stonehouse.se\/en\/wp-json\/wp\/v2\/product_cat?post=31629"},{"taxonomy":"product_tag","embeddable":true,"href":"https:\/\/stonehouse.se\/en\/wp-json\/wp\/v2\/product_tag?post=31629"}],"curies":[{"name":"wp","href":"https:\/\/api.w.org\/{rel}","templated":true}]}}