
{"id":31630,"date":"2022-06-28T13:15:09","date_gmt":"2022-06-28T11:15:09","guid":{"rendered":"https:\/\/stonehouse.se\/produkt\/pulverslackare-6-kg-55a-rod\/"},"modified":"2026-04-08T16:44:36","modified_gmt":"2026-04-08T14:44:36","slug":"pulverslackare-6-kg-55a-rod","status":"publish","type":"product","link":"https:\/\/stonehouse.se\/en\/product\/pulverslackare-6-kg-55a-rod\/","title":{"rendered":"Pulversl\u00e4ckare 6 Kg 55A R\u00f6d"},"content":{"rendered":"<p>L\u00e4mplig p\u00e5 kontoret, i verkst\u00e4der, lokaler, villan, l\u00e4genheten etc. Effektklass 55A 233B C (h\u00f6gsta klassen). \u00c5terfyllningsbar av beh\u00f6rig servicetekniker. Fotring Tryckladdad pulversl\u00e4ckare, torrt kemikaliskt pulver. Vikt, fylld: 17,5 kg. Sl\u00e4ckmedel: ABC-pulver. Drivgas: Nitrogen (N2). Arbetstryck: 14 bar vid +20\u00b0C. Funktionsduglig mellan -30\u00b0C och +60\u00b0C. S\u00e4kerhetsavst\u00e5nd: 1 meter. T\u00f6mningstid: 31 sek. Sl\u00e4ckaren \u00e4r typgodk\u00e4nd enligt SS-EN3-7. Text p\u00e5 svenska\/norskaIng\u00e5r i Pro Select<\/p>","protected":false},"excerpt":{"rendered":"<p>L\u00e4mplig p\u00e5 kontoret, i verkst\u00e4der, lokaler, villan, l\u00e4genheten etc. Effektklass 55A 233B C (h\u00f6gsta klassen). \u00c5terfyllningsbar av beh\u00f6rig servicetekniker. Fotring<\/p>","protected":false},"featured_media":83259,"template":"","meta":{"_acf_changed":false},"product_brand":[],"product_cat":[461],"product_tag":[],"class_list":{"0":"post-31630","1":"product","2":"type-product","3":"status-publish","4":"has-post-thumbnail","6":"product_cat-brandslackare","7":"product_shipping_class-tunga-paket","8":"tm-no-options","10":"first","11":"instock","12":"sale","13":"taxable","14":"shipping-taxable","15":"product-type-simple"},"acf":[],"_links":{"self":[{"href":"https:\/\/stonehouse.se\/en\/wp-json\/wp\/v2\/product\/31630","targetHints":{"allow":["GET"]}}],"collection":[{"href":"https:\/\/stonehouse.se\/en\/wp-json\/wp\/v2\/product"}],"about":[{"href":"https:\/\/stonehouse.se\/en\/wp-json\/wp\/v2\/types\/product"}],"wp:featuredmedia":[{"embeddable":true,"href":"https:\/\/stonehouse.se\/en\/wp-json\/wp\/v2\/media\/83259"}],"wp:attachment":[{"href":"https:\/\/stonehouse.se\/en\/wp-json\/wp\/v2\/media?parent=31630"}],"wp:term":[{"taxonomy":"product_brand","embeddable":true,"href":"https:\/\/stonehouse.se\/en\/wp-json\/wp\/v2\/product_brand?post=31630"},{"taxonomy":"product_cat","embeddable":true,"href":"https:\/\/stonehouse.se\/en\/wp-json\/wp\/v2\/product_cat?post=31630"},{"taxonomy":"product_tag","embeddable":true,"href":"https:\/\/stonehouse.se\/en\/wp-json\/wp\/v2\/product_tag?post=31630"}],"curies":[{"name":"wp","href":"https:\/\/api.w.org\/{rel}","templated":true}]}}