
{"id":31632,"date":"2022-06-28T13:14:46","date_gmt":"2022-06-28T11:14:46","guid":{"rendered":"https:\/\/stonehouse.se\/produkt\/brandslackare-2-kg-palmblad\/"},"modified":"2026-04-08T16:40:35","modified_gmt":"2026-04-08T14:40:35","slug":"brandslackare-2-kg-palmblad","status":"publish","type":"product","link":"https:\/\/stonehouse.se\/en\/product\/brandslackare-2-kg-palmblad\/","title":{"rendered":"Brandsl\u00e4ckare 2 Kg Palmblad"},"content":{"rendered":"<p>Nexas brandsl\u00e4ckare l\u00e4mplig f\u00f6r lite mindre utrymmen, b\u00e5ten, bilen, sommarstugan etc. Effektivitetsklass 13A 89B C. \u00c5terfyllningsbar av beh\u00f6rig servicetekniker. Tryckladdad pulversl\u00e4ckare, torrt kemikaliskt pulver.Sl\u00e4ckmedel: ABC-pulver. Drivgas: Nitrogen (N2). Arbetstryck: 14 bar vid +20\u00b0. Funktionsduglig mellan -30\u00b0 och +60\u00b0. S\u00e4kerhetsavst\u00e5nd 1 m. V\u00e4ggf\u00e4ste medf\u00f6ljer.<\/p>","protected":false},"excerpt":{"rendered":"<p>Nexas brandsl\u00e4ckare l\u00e4mplig f\u00f6r lite mindre utrymmen, b\u00e5ten, bilen, sommarstugan etc. Effektivitetsklass 13A 89B C. \u00c5terfyllningsbar av beh\u00f6rig servicetekniker. Tryckladdad<\/p>","protected":false},"featured_media":83309,"template":"","meta":{"_acf_changed":false},"product_brand":[],"product_cat":[461],"product_tag":[],"class_list":{"0":"post-31632","1":"product","2":"type-product","3":"status-publish","4":"has-post-thumbnail","6":"product_cat-brandslackare","7":"product_shipping_class-tunga-paket","8":"pa_brands-nexa","9":"tm-no-options","11":"first","12":"instock","13":"sale","14":"taxable","15":"shipping-taxable","16":"product-type-simple"},"acf":[],"_links":{"self":[{"href":"https:\/\/stonehouse.se\/en\/wp-json\/wp\/v2\/product\/31632","targetHints":{"allow":["GET"]}}],"collection":[{"href":"https:\/\/stonehouse.se\/en\/wp-json\/wp\/v2\/product"}],"about":[{"href":"https:\/\/stonehouse.se\/en\/wp-json\/wp\/v2\/types\/product"}],"wp:featuredmedia":[{"embeddable":true,"href":"https:\/\/stonehouse.se\/en\/wp-json\/wp\/v2\/media\/83309"}],"wp:attachment":[{"href":"https:\/\/stonehouse.se\/en\/wp-json\/wp\/v2\/media?parent=31632"}],"wp:term":[{"taxonomy":"product_brand","embeddable":true,"href":"https:\/\/stonehouse.se\/en\/wp-json\/wp\/v2\/product_brand?post=31632"},{"taxonomy":"product_cat","embeddable":true,"href":"https:\/\/stonehouse.se\/en\/wp-json\/wp\/v2\/product_cat?post=31632"},{"taxonomy":"product_tag","embeddable":true,"href":"https:\/\/stonehouse.se\/en\/wp-json\/wp\/v2\/product_tag?post=31632"}],"curies":[{"name":"wp","href":"https:\/\/api.w.org\/{rel}","templated":true}]}}