
{"id":31652,"date":"2022-06-28T13:05:20","date_gmt":"2022-06-28T11:05:20","guid":{"rendered":"https:\/\/stonehouse.se\/produkt\/seismisk-detektor-vv600-plus\/"},"modified":"2026-04-08T16:53:56","modified_gmt":"2026-04-08T14:53:56","slug":"seismisk-detektor-vv600-plus","status":"publish","type":"product","link":"https:\/\/stonehouse.se\/en\/product\/seismisk-detektor-vv600-plus\/","title":{"rendered":"Seismisk Detektor Vv600-Plus"},"content":{"rendered":"<p>Seismisk\/vibrationsdetektor. Kassask\u00e5p\/vapensk\u00e5p\/fasta konstruktioner. Sp\u00e4nningsmatning 9-15 VDC, str\u00f6mf\u00f6rbrukning 8,6 mA. VV600-Plus skyddar alla typer av valv, valvd\u00f6rrar och kassask\u00e5p. \u00d6verl\u00e4gsen detektering. De seismiska detektorerna \u00e4r konstruerade f\u00f6r att uppt\u00e4cka f\u00f6rs\u00f6k till inbrott i valv, kassask\u00e5p, serviceboxar, uttagsautomater och andra s\u00e4kerhetsklassade objekt, s\u00e5som data- och arkivsk\u00e5p. De reagerar p\u00e5 vibrationsm\u00f6nster som \u00e4r typiska f\u00f6r alla inbrottsverktyg, som hammare, borrar, diamants\u00e5gar, hydrauliska och termiska verktyg, som sk\u00e4rbr\u00e4nnare och termiska lansar. Detektorerna i VV600-PLUS-serien uppfattar vibrationer som upptr\u00e4der inom en radie p\u00e5 3-14 meter fr\u00e5n monteringsst\u00e4llet, beroende p\u00e5 det skyddade objektets konstruktion och material. Utm\u00e4rkt skydd mot falsklarm. Runt det skyddade omr\u00e5det till\u00e5ts fri r\u00f6relse utan risk f\u00f6r o\u00f6nskade larm. F\u00f6r att uppn\u00e5 denna h\u00f6ga grad av precision har samtliga detektorer tre detektorer i en. F\u00f6r att skilja mellan st\u00f6rningar i omgivningen och verkliga angrepp av inkr\u00e4ktare analyseras signalfrekvens, varaktighet och amplitud via alla tre kanalerna (r\u00e4kning, integrering och explosion). I slut\u00e4ndan ger det detektorer med enast\u00e5ende detektering och skydd mot falsklarm.Testning och tillbeh\u00f6r. VV600 Plus-serien \u00e4r f\u00f6rsedd med tv\u00e5 olika testfunktioner. Du kan v\u00e4lja mellan ett internt test av elektroniken i detektorn eller, med hj\u00e4lp av tests\u00e4ndaren VT705P, funktionstesta detektorn och dess fysiska f\u00f6rbindelse med skyddsobjektet. F\u00f6r att uppn\u00e5 h\u00f6gsta m\u00f6jliga s\u00e4kerhet finns ett komplett tillbeh\u00f6rssortiment f\u00f6r alla slags till\u00e4mpningar.<\/p>","protected":false},"excerpt":{"rendered":"<p>Seismisk\/vibrationsdetektor. Kassask\u00e5p\/vapensk\u00e5p\/fasta konstruktioner. Sp\u00e4nningsmatning 9-15 VDC, str\u00f6mf\u00f6rbrukning 8,6 mA. VV600-Plus skyddar alla typer av valv, valvd\u00f6rrar och kassask\u00e5p. \u00d6verl\u00e4gsen detektering.<\/p>","protected":false},"featured_media":83448,"template":"","meta":{"_acf_changed":false},"product_brand":[],"product_cat":[485,342],"product_tag":[1846],"class_list":{"0":"post-31652","1":"product","2":"type-product","3":"status-publish","4":"has-post-thumbnail","6":"product_cat-vibration-chockdetektor","7":"product_cat-detektorer-larmgivare","8":"product_tag-sbsc-larmklass3","9":"product_shipping_class-tunga-paket","10":"pa_brands-aritech","11":"tm-no-options","13":"first","14":"outofstock","15":"sale","16":"taxable","17":"shipping-taxable","18":"product-type-simple"},"acf":[],"_links":{"self":[{"href":"https:\/\/stonehouse.se\/en\/wp-json\/wp\/v2\/product\/31652","targetHints":{"allow":["GET"]}}],"collection":[{"href":"https:\/\/stonehouse.se\/en\/wp-json\/wp\/v2\/product"}],"about":[{"href":"https:\/\/stonehouse.se\/en\/wp-json\/wp\/v2\/types\/product"}],"wp:featuredmedia":[{"embeddable":true,"href":"https:\/\/stonehouse.se\/en\/wp-json\/wp\/v2\/media\/83448"}],"wp:attachment":[{"href":"https:\/\/stonehouse.se\/en\/wp-json\/wp\/v2\/media?parent=31652"}],"wp:term":[{"taxonomy":"product_brand","embeddable":true,"href":"https:\/\/stonehouse.se\/en\/wp-json\/wp\/v2\/product_brand?post=31652"},{"taxonomy":"product_cat","embeddable":true,"href":"https:\/\/stonehouse.se\/en\/wp-json\/wp\/v2\/product_cat?post=31652"},{"taxonomy":"product_tag","embeddable":true,"href":"https:\/\/stonehouse.se\/en\/wp-json\/wp\/v2\/product_tag?post=31652"}],"curies":[{"name":"wp","href":"https:\/\/api.w.org\/{rel}","templated":true}]}}