
{"id":31655,"date":"2022-06-28T13:05:17","date_gmt":"2022-06-28T11:05:17","guid":{"rendered":"https:\/\/stonehouse.se\/produkt\/glaskrosstestare-gb-5000-te\/"},"modified":"2026-04-08T16:48:12","modified_gmt":"2026-04-08T14:48:12","slug":"glaskrosstestare-gb-5000-te","status":"publish","type":"product","link":"https:\/\/stonehouse.se\/en\/product\/glaskrosstestare-gb-5000-te\/","title":{"rendered":"Glaskrosstestare Gb-5000-Te"},"content":{"rendered":"<p>Denna glaskrosstestare genererar en frekvens som glaskrossdetektorerna lyssnar efter vid glaskross. Passar alla detektorer i GB-5xxxx serien. Tekniska data: Batterilivsl\u00e4ngd: 8 h drifttid eller 3000 aktiveringar (varje 10 s l\u00e5ng). Sp\u00e4nningsmatning: 6 \u2013 10 V DC. Str\u00f6mf\u00f6rbrukning: 60 mA. Arbetstemperatur: -10 \u00b0C ~ 60 \u00b0C. Vikt: 150 g. Kapslingmaterial: ABS. Kapslingsklass: IP40. Milj\u00f6klass: II.<\/p>","protected":false},"excerpt":{"rendered":"<p>Denna glaskrosstestare genererar en frekvens som glaskrossdetektorerna lyssnar efter vid glaskross. Passar alla detektorer i GB-5xxxx serien. Tekniska data: Batterilivsl\u00e4ngd:<\/p>","protected":false},"featured_media":83527,"template":"","meta":{"_acf_changed":false},"product_brand":[],"product_cat":[483],"product_tag":[1613],"class_list":{"0":"post-31655","1":"product","2":"type-product","3":"status-publish","4":"has-post-thumbnail","6":"product_cat-glaskrossdetektorer-nya-detektorer-ovriga-larmgivare","7":"product_tag-glaskross-testare","8":"product_shipping_class-tunga-paket","9":"pa_brands-6vanderbilt","10":"tm-no-options","12":"first","13":"outofstock","14":"sale","15":"taxable","16":"shipping-taxable","17":"product-type-simple"},"acf":[],"_links":{"self":[{"href":"https:\/\/stonehouse.se\/en\/wp-json\/wp\/v2\/product\/31655","targetHints":{"allow":["GET"]}}],"collection":[{"href":"https:\/\/stonehouse.se\/en\/wp-json\/wp\/v2\/product"}],"about":[{"href":"https:\/\/stonehouse.se\/en\/wp-json\/wp\/v2\/types\/product"}],"wp:featuredmedia":[{"embeddable":true,"href":"https:\/\/stonehouse.se\/en\/wp-json\/wp\/v2\/media\/83527"}],"wp:attachment":[{"href":"https:\/\/stonehouse.se\/en\/wp-json\/wp\/v2\/media?parent=31655"}],"wp:term":[{"taxonomy":"product_brand","embeddable":true,"href":"https:\/\/stonehouse.se\/en\/wp-json\/wp\/v2\/product_brand?post=31655"},{"taxonomy":"product_cat","embeddable":true,"href":"https:\/\/stonehouse.se\/en\/wp-json\/wp\/v2\/product_cat?post=31655"},{"taxonomy":"product_tag","embeddable":true,"href":"https:\/\/stonehouse.se\/en\/wp-json\/wp\/v2\/product_tag?post=31655"}],"curies":[{"name":"wp","href":"https:\/\/api.w.org\/{rel}","templated":true}]}}