
{"id":31656,"date":"2022-06-28T13:05:17","date_gmt":"2022-06-28T11:05:17","guid":{"rendered":"https:\/\/stonehouse.se\/produkt\/seismisk-detektor-gm-730-2\/"},"modified":"2026-04-08T16:54:43","modified_gmt":"2026-04-08T14:54:43","slug":"seismisk-detektor-gm-730-2","status":"publish","type":"product","link":"https:\/\/stonehouse.se\/en\/product\/seismisk-detektor-gm-730-2\/","title":{"rendered":"Seismisk Detektor Gm 730"},"content":{"rendered":"<p>Seismisk detektor i l\u00e5gprofildesign f\u00f6r anv\u00e4ndning p\u00e5 st\u00e5l eller betong. 24-timmars bevakning av kassask\u00e5p, bankomater, serviceboxar och biljett- och sedelautomater. Individuell programmering med SensTool mjukvaran. Enkelt test av installation och funktion med GMXS1 tests\u00e4ndaren, (separat tillbeh\u00f6r). SENSTEC\u00ae Bimorph sensor och intelligent mikroprocessorbaserad signalbehandling. Tekniska data: Bevakningsomr\u00e5de: 4 m radie \/ 50 m2. Matningssp\u00e4nning: 8 &#8211; 16 VDC. Str\u00f6mf\u00f6rbrukning: Vila 3 mA \/ Larm 5 mA. Larmutg\u00e5ng: NC \/ 30 V DC \/ 100 mA \/ Ri.<\/p>","protected":false},"excerpt":{"rendered":"<p>Seismisk detektor i l\u00e5gprofildesign f\u00f6r anv\u00e4ndning p\u00e5 st\u00e5l eller betong. 24-timmars bevakning av kassask\u00e5p, bankomater, serviceboxar och biljett- och sedelautomater.<\/p>","protected":false},"featured_media":83451,"template":"","meta":{"_acf_changed":false},"product_brand":[],"product_cat":[485,342],"product_tag":[],"class_list":{"0":"post-31656","1":"product","2":"type-product","3":"status-publish","4":"has-post-thumbnail","6":"product_cat-vibration-chockdetektor","7":"product_cat-detektorer-larmgivare","8":"product_shipping_class-tunga-paket","9":"pa_brands-6vanderbilt","10":"tm-no-options","12":"first","13":"instock","14":"sale","15":"featured","16":"taxable","17":"shipping-taxable","18":"product-type-simple"},"acf":[],"_links":{"self":[{"href":"https:\/\/stonehouse.se\/en\/wp-json\/wp\/v2\/product\/31656","targetHints":{"allow":["GET"]}}],"collection":[{"href":"https:\/\/stonehouse.se\/en\/wp-json\/wp\/v2\/product"}],"about":[{"href":"https:\/\/stonehouse.se\/en\/wp-json\/wp\/v2\/types\/product"}],"wp:featuredmedia":[{"embeddable":true,"href":"https:\/\/stonehouse.se\/en\/wp-json\/wp\/v2\/media\/83451"}],"wp:attachment":[{"href":"https:\/\/stonehouse.se\/en\/wp-json\/wp\/v2\/media?parent=31656"}],"wp:term":[{"taxonomy":"product_brand","embeddable":true,"href":"https:\/\/stonehouse.se\/en\/wp-json\/wp\/v2\/product_brand?post=31656"},{"taxonomy":"product_cat","embeddable":true,"href":"https:\/\/stonehouse.se\/en\/wp-json\/wp\/v2\/product_cat?post=31656"},{"taxonomy":"product_tag","embeddable":true,"href":"https:\/\/stonehouse.se\/en\/wp-json\/wp\/v2\/product_tag?post=31656"}],"curies":[{"name":"wp","href":"https:\/\/api.w.org\/{rel}","templated":true}]}}