
{"id":31661,"date":"2022-06-28T13:05:03","date_gmt":"2022-06-28T11:05:03","guid":{"rendered":"https:\/\/stonehouse.se\/produkt\/relainterface-gb-5000-in\/"},"modified":"2026-04-08T16:52:33","modified_gmt":"2026-04-08T14:52:33","slug":"relainterface-gb-5000-in","status":"publish","type":"product","link":"https:\/\/stonehouse.se\/en\/product\/relainterface-gb-5000-in\/","title":{"rendered":"Rel\u00e4interface Gb-5000-In"},"content":{"rendered":"<p>Rel\u00e4interfacet anv\u00e4nds d\u00e4r centralapparaten inte till\u00e5ter direktinkoppling av glaskrossdetektorer. Ett annat sk\u00e4l \u00e4r att man vill att \u00e5terst\u00e4llning av detektorer sker ute vid glaspartiet som \u00f6vervakas. Upp till 20 st glaskrossdetektorer kan anslutas till ett inteface, h\u00e4r g\u00e4ller dock lokala regler. Interfacets kapsling \u00e4r sabotageskyddat. Tekniska data: EOL motst\u00e5nd: 2.2 k?. Sp\u00e4nningsmatning: 10 \u2013 15 V DC. Str\u00f6mf\u00f6rbrukning: 13.5 mA. Str\u00f6mf\u00f6rbrukning, vila: 5 mA. Brytsp\u00e4nning: Max. 24 VDC. Brytstr\u00f6m: Max. 200 mA. Arbetstemperatur: 30 \u00b0C ~ 60 \u00b0C. Kontaktresistans: 5 ?. Kapslingmaterial: S-B, A-B-S. Milj\u00f6klass: II. Godk\u00e4nnande: VdS Klasse B.<\/p>","protected":false},"excerpt":{"rendered":"<p>Rel\u00e4interfacet anv\u00e4nds d\u00e4r centralapparaten inte till\u00e5ter direktinkoppling av glaskrossdetektorer. Ett annat sk\u00e4l \u00e4r att man vill att \u00e5terst\u00e4llning av detektorer<\/p>","protected":false},"featured_media":83408,"template":"","meta":{"_acf_changed":false},"product_brand":[],"product_cat":[483],"product_tag":[1611],"class_list":{"0":"post-31661","1":"product","2":"type-product","3":"status-publish","4":"has-post-thumbnail","6":"product_cat-glaskrossdetektorer-nya-detektorer-ovriga-larmgivare","7":"product_tag-glaskross-aterstallningsenheter-analysator","8":"product_shipping_class-tunga-paket","9":"pa_brands-6vanderbilt","10":"tm-no-options","12":"first","13":"instock","14":"sale","15":"taxable","16":"shipping-taxable","17":"product-type-simple"},"acf":[],"_links":{"self":[{"href":"https:\/\/stonehouse.se\/en\/wp-json\/wp\/v2\/product\/31661","targetHints":{"allow":["GET"]}}],"collection":[{"href":"https:\/\/stonehouse.se\/en\/wp-json\/wp\/v2\/product"}],"about":[{"href":"https:\/\/stonehouse.se\/en\/wp-json\/wp\/v2\/types\/product"}],"wp:featuredmedia":[{"embeddable":true,"href":"https:\/\/stonehouse.se\/en\/wp-json\/wp\/v2\/media\/83408"}],"wp:attachment":[{"href":"https:\/\/stonehouse.se\/en\/wp-json\/wp\/v2\/media?parent=31661"}],"wp:term":[{"taxonomy":"product_brand","embeddable":true,"href":"https:\/\/stonehouse.se\/en\/wp-json\/wp\/v2\/product_brand?post=31661"},{"taxonomy":"product_cat","embeddable":true,"href":"https:\/\/stonehouse.se\/en\/wp-json\/wp\/v2\/product_cat?post=31661"},{"taxonomy":"product_tag","embeddable":true,"href":"https:\/\/stonehouse.se\/en\/wp-json\/wp\/v2\/product_tag?post=31661"}],"curies":[{"name":"wp","href":"https:\/\/api.w.org\/{rel}","templated":true}]}}