
{"id":31664,"date":"2022-06-28T13:04:58","date_gmt":"2022-06-28T11:04:58","guid":{"rendered":"https:\/\/stonehouse.se\/produkt\/glaskrossdet-gb-5300-6\/"},"modified":"2026-04-08T16:49:45","modified_gmt":"2026-04-08T14:49:45","slug":"glaskrossdet-gb-5300-6","status":"publish","type":"product","link":"https:\/\/stonehouse.se\/en\/product\/glaskrossdet-gb-5300-6\/","title":{"rendered":"Glaskrossdet. Gb-5300-6"},"content":{"rendered":"<p>Den elektroniska glaskrossdetektorn GB-5300 \u00e4r konstruerad att bevaka standardglas i butiker och andra glaspartier. GB-5300 skall limmas fast p\u00e5 det f\u00f6nster som den skall bevaka. Kabell\u00e4ngden \u00e4r 6m. Detektorn ansluts till centralapparaten via rel\u00e4interface GB-5000-IN. GB-5300 skall anv\u00e4ndas p\u00e5 vanligt standardglas f\u00f6r laminerat finns GB-5700. Tekniska data: Sp\u00e4nningsmatning: 3 \u2013 16 V DC. Str\u00f6mf\u00f6rbrukning: 4 mA (6 VDC). Str\u00f6mf\u00f6rbrukning, vila: ?1 \u00b5A (ca. 20 nA). Kabell\u00e4ngd: 6 m. Arbetstemperatur: -25 ~ 70 \u00b0C. Reset-sp\u00e4nning: Max. 1 V. Kapslingmaterial: S-B. Kapslingsklass: IP67. Milj\u00f6klass: III. Godk\u00e4nnande: VdS Klasse B EN 50131-2-7-2, Grade 3.<\/p>","protected":false},"excerpt":{"rendered":"<p>Den elektroniska glaskrossdetektorn GB-5300 \u00e4r konstruerad att bevaka standardglas i butiker och andra glaspartier. GB-5300 skall limmas fast p\u00e5 det<\/p>","protected":false},"featured_media":83414,"template":"","meta":{"_acf_changed":false},"product_brand":[],"product_cat":[483],"product_tag":[1617],"class_list":{"0":"post-31664","1":"product","2":"type-product","3":"status-publish","4":"has-post-thumbnail","6":"product_cat-glaskrossdetektorer-nya-detektorer-ovriga-larmgivare","7":"product_tag-glaskross-limmad-2-trad","8":"product_shipping_class-tunga-paket","9":"pa_brands-6vanderbilt","10":"tm-no-options","12":"first","13":"instock","14":"sale","15":"taxable","16":"shipping-taxable","17":"product-type-simple"},"acf":[],"_links":{"self":[{"href":"https:\/\/stonehouse.se\/en\/wp-json\/wp\/v2\/product\/31664","targetHints":{"allow":["GET"]}}],"collection":[{"href":"https:\/\/stonehouse.se\/en\/wp-json\/wp\/v2\/product"}],"about":[{"href":"https:\/\/stonehouse.se\/en\/wp-json\/wp\/v2\/types\/product"}],"wp:featuredmedia":[{"embeddable":true,"href":"https:\/\/stonehouse.se\/en\/wp-json\/wp\/v2\/media\/83414"}],"wp:attachment":[{"href":"https:\/\/stonehouse.se\/en\/wp-json\/wp\/v2\/media?parent=31664"}],"wp:term":[{"taxonomy":"product_brand","embeddable":true,"href":"https:\/\/stonehouse.se\/en\/wp-json\/wp\/v2\/product_brand?post=31664"},{"taxonomy":"product_cat","embeddable":true,"href":"https:\/\/stonehouse.se\/en\/wp-json\/wp\/v2\/product_cat?post=31664"},{"taxonomy":"product_tag","embeddable":true,"href":"https:\/\/stonehouse.se\/en\/wp-json\/wp\/v2\/product_tag?post=31664"}],"curies":[{"name":"wp","href":"https:\/\/api.w.org\/{rel}","templated":true}]}}