
{"id":31665,"date":"2022-06-28T13:04:57","date_gmt":"2022-06-28T11:04:57","guid":{"rendered":"https:\/\/stonehouse.se\/produkt\/glaskrossdetektor-gd-335\/"},"modified":"2026-04-08T16:50:02","modified_gmt":"2026-04-08T14:50:02","slug":"glaskrossdetektor-gd-335","status":"publish","type":"product","link":"https:\/\/stonehouse.se\/en\/product\/glaskrossdetektor-gd-335\/","title":{"rendered":"Glaskrossdetektor Gd 335"},"content":{"rendered":"<p>Glaskrossdetektor med transistorutg\u00e5ng. Ansluts via IU 300 interface. Rund, kan aldrig sitta snett. Detektorn limmas p\u00e5 glaset. F\u00f6r snabb\/enkel installation ing\u00e5r en schablon, paddel och kabelavlastning. Vit. Ej l\u00e4mplig f\u00f6r laminerat glas. 3 m kabel.<\/p>","protected":false},"excerpt":{"rendered":"<p>Glaskrossdetektor med transistorutg\u00e5ng. Ansluts via IU 300 interface. Rund, kan aldrig sitta snett. Detektorn limmas p\u00e5 glaset. F\u00f6r snabb\/enkel installation<\/p>","protected":false},"featured_media":83550,"template":"","meta":{"_acf_changed":false},"product_brand":[],"product_cat":[352,483],"product_tag":[1617],"class_list":{"0":"post-31665","1":"product","2":"type-product","3":"status-publish","4":"has-post-thumbnail","6":"product_cat-outlet","7":"product_cat-glaskrossdetektorer-nya-detektorer-ovriga-larmgivare","8":"product_tag-glaskross-limmad-2-trad","9":"product_shipping_class-postnord-varubrev","10":"pa_brands-alarmtech","11":"pa_farg-vit","12":"tm-no-options","14":"first","15":"instock","16":"sale","17":"featured","18":"taxable","19":"shipping-taxable","20":"product-type-simple"},"acf":[],"_links":{"self":[{"href":"https:\/\/stonehouse.se\/en\/wp-json\/wp\/v2\/product\/31665","targetHints":{"allow":["GET"]}}],"collection":[{"href":"https:\/\/stonehouse.se\/en\/wp-json\/wp\/v2\/product"}],"about":[{"href":"https:\/\/stonehouse.se\/en\/wp-json\/wp\/v2\/types\/product"}],"wp:featuredmedia":[{"embeddable":true,"href":"https:\/\/stonehouse.se\/en\/wp-json\/wp\/v2\/media\/83550"}],"wp:attachment":[{"href":"https:\/\/stonehouse.se\/en\/wp-json\/wp\/v2\/media?parent=31665"}],"wp:term":[{"taxonomy":"product_brand","embeddable":true,"href":"https:\/\/stonehouse.se\/en\/wp-json\/wp\/v2\/product_brand?post=31665"},{"taxonomy":"product_cat","embeddable":true,"href":"https:\/\/stonehouse.se\/en\/wp-json\/wp\/v2\/product_cat?post=31665"},{"taxonomy":"product_tag","embeddable":true,"href":"https:\/\/stonehouse.se\/en\/wp-json\/wp\/v2\/product_tag?post=31665"}],"curies":[{"name":"wp","href":"https:\/\/api.w.org\/{rel}","templated":true}]}}