
{"id":31668,"date":"2022-06-28T13:04:51","date_gmt":"2022-06-28T11:04:51","guid":{"rendered":"https:\/\/stonehouse.se\/produkt\/chockdetektor-cd-550\/"},"modified":"2026-04-08T16:50:38","modified_gmt":"2026-04-08T14:50:38","slug":"chockdetektor-cd-550","status":"publish","type":"product","link":"https:\/\/stonehouse.se\/en\/product\/chockdetektor-cd-550\/","title":{"rendered":"Chockdetektor Cd 550"},"content":{"rendered":"<p>Kan monteras p\u00e5 olika underlag vid och om kring f\u00f6nster, d\u00f6rrar och karmar p\u00e5 tegel, betong, gips eller tr\u00e4 i tak som v\u00e4ggar. K\u00e4nsligheten p\u00e5 detektorn v\u00e4ljs genom DIP-omkopplare. Larmindikering, best\u00e4ms som automatisk 3sek eller kvarh\u00e5llande, med LEDindikering och sab-kontakt. PC gr\u00e4nssnitt. M\u00e5tt 80x23x20mm. Kan \u00e4ven f\u00e5s med magnetkontakt, se CD 550-R.<\/p>","protected":false},"excerpt":{"rendered":"<p>Kan monteras p\u00e5 olika underlag vid och om kring f\u00f6nster, d\u00f6rrar och karmar p\u00e5 tegel, betong, gips eller tr\u00e4 i<\/p>","protected":false},"featured_media":83467,"template":"","meta":{"_acf_changed":false},"product_brand":[],"product_cat":[342,485],"product_tag":[],"class_list":{"0":"post-31668","1":"product","2":"type-product","3":"status-publish","4":"has-post-thumbnail","6":"product_cat-detektorer-larmgivare","7":"product_cat-vibration-chockdetektor","8":"product_shipping_class-postnord-varubrev","9":"pa_brands-alarmtech","10":"pa_farg-vit","11":"tm-no-options","13":"first","14":"outofstock","15":"sale","16":"taxable","17":"shipping-taxable","18":"product-type-simple"},"acf":[],"_links":{"self":[{"href":"https:\/\/stonehouse.se\/en\/wp-json\/wp\/v2\/product\/31668","targetHints":{"allow":["GET"]}}],"collection":[{"href":"https:\/\/stonehouse.se\/en\/wp-json\/wp\/v2\/product"}],"about":[{"href":"https:\/\/stonehouse.se\/en\/wp-json\/wp\/v2\/types\/product"}],"wp:featuredmedia":[{"embeddable":true,"href":"https:\/\/stonehouse.se\/en\/wp-json\/wp\/v2\/media\/83467"}],"wp:attachment":[{"href":"https:\/\/stonehouse.se\/en\/wp-json\/wp\/v2\/media?parent=31668"}],"wp:term":[{"taxonomy":"product_brand","embeddable":true,"href":"https:\/\/stonehouse.se\/en\/wp-json\/wp\/v2\/product_brand?post=31668"},{"taxonomy":"product_cat","embeddable":true,"href":"https:\/\/stonehouse.se\/en\/wp-json\/wp\/v2\/product_cat?post=31668"},{"taxonomy":"product_tag","embeddable":true,"href":"https:\/\/stonehouse.se\/en\/wp-json\/wp\/v2\/product_tag?post=31668"}],"curies":[{"name":"wp","href":"https:\/\/api.w.org\/{rel}","templated":true}]}}