
{"id":31673,"date":"2022-06-28T13:04:50","date_gmt":"2022-06-28T11:04:50","guid":{"rendered":"https:\/\/stonehouse.se\/produkt\/chockdetektor-cd-400-r\/"},"modified":"2026-04-08T16:49:08","modified_gmt":"2026-04-08T14:49:08","slug":"chockdetektor-cd-400-r","status":"publish","type":"product","link":"https:\/\/stonehouse.se\/en\/product\/chockdetektor-cd-400-r\/","title":{"rendered":"Chockdetektor Cd 400-R"},"content":{"rendered":"<p>Chockdetektorn CD 400-R med magnetkontakt kan anv\u00e4ndas p\u00e5 f\u00f6nster och d\u00f6rrar f\u00f6r att ge ett dubbelt skydd. Den detekterar alla f\u00f6rs\u00f6k till inbrott med verktyg som skapar kraftiga vibrationer. Detektorn k\u00e4nner av vibrationer med h\u00f6g amplitud och kort varaktighet. Det har en digital signalbehandling med en avancerad detekteringsalgoritm. Detta inneb\u00e4r att detektorn har h\u00f6g detekteringsf\u00f6rm\u00e5ga och h\u00f6g immunitet mot st\u00f6rningar i milj\u00f6n. K\u00e4nsligheten i detektorn CD 400-R kan enkelt justeras via en potentiometer. F\u00f6r att testa detektorns funktion rekommenderar vi att man anv\u00e4nder testenheten CT 400, vilket genererar frekvenser liknande ett riktigt inbrott. Den inneh\u00e5ller en pulsr\u00e4knare (valbar fr\u00e5n 1 till 4 pulser) som utl\u00f6ser larm efter det antal pulser som skett. En explosionskanal \u00e5sidos\u00e4tter pulsr\u00e4knaren oavsett antal pulser och k\u00e4nslighetsinst\u00e4llning. Chockdetektorn kan anv\u00e4ndas p\u00e5 material med flera delar s\u00e5som d\u00f6rrkarmar, tegel eller betong v\u00e4ggar, tak, golv och s\u00e5 vidare. Detektorn har en LED f\u00f6r larmindikering och sabotagekontakt f\u00f6r skydd mot \u00f6ppning av kapslingen. Tack vare den inbyggda magnetkontakten med separat larmutg\u00e5ng kan den ocks\u00e5 skydda f\u00f6nster och d\u00f6rrar mot \u00f6ppning. F\u00f6r montering p\u00e5 betong eller betong-liknande ytor anv\u00e4nd den speciella MP 400 monteringsplattan. N\u00e4r du installerar detektorn utomhus eller i kalla utrymmen b\u00f6r kapslingen WH 400 anv\u00e4ndas.<\/p>","protected":false},"excerpt":{"rendered":"<p>Chockdetektorn CD 400-R med magnetkontakt kan anv\u00e4ndas p\u00e5 f\u00f6nster och d\u00f6rrar f\u00f6r att ge ett dubbelt skydd. Den detekterar alla<\/p>","protected":false},"featured_media":83565,"template":"","meta":{"_acf_changed":false},"product_brand":[],"product_cat":[342,485],"product_tag":[],"class_list":{"0":"post-31673","1":"product","2":"type-product","3":"status-publish","4":"has-post-thumbnail","6":"product_cat-detektorer-larmgivare","7":"product_cat-vibration-chockdetektor","8":"product_shipping_class-postnord-varubrev","9":"pa_brands-alarmtech","10":"pa_farg-vit","11":"tm-no-options","13":"first","14":"outofstock","15":"sale","16":"taxable","17":"shipping-taxable","18":"product-type-simple"},"acf":[],"_links":{"self":[{"href":"https:\/\/stonehouse.se\/en\/wp-json\/wp\/v2\/product\/31673","targetHints":{"allow":["GET"]}}],"collection":[{"href":"https:\/\/stonehouse.se\/en\/wp-json\/wp\/v2\/product"}],"about":[{"href":"https:\/\/stonehouse.se\/en\/wp-json\/wp\/v2\/types\/product"}],"wp:featuredmedia":[{"embeddable":true,"href":"https:\/\/stonehouse.se\/en\/wp-json\/wp\/v2\/media\/83565"}],"wp:attachment":[{"href":"https:\/\/stonehouse.se\/en\/wp-json\/wp\/v2\/media?parent=31673"}],"wp:term":[{"taxonomy":"product_brand","embeddable":true,"href":"https:\/\/stonehouse.se\/en\/wp-json\/wp\/v2\/product_brand?post=31673"},{"taxonomy":"product_cat","embeddable":true,"href":"https:\/\/stonehouse.se\/en\/wp-json\/wp\/v2\/product_cat?post=31673"},{"taxonomy":"product_tag","embeddable":true,"href":"https:\/\/stonehouse.se\/en\/wp-json\/wp\/v2\/product_tag?post=31673"}],"curies":[{"name":"wp","href":"https:\/\/api.w.org\/{rel}","templated":true}]}}