
{"id":31676,"date":"2022-06-28T13:04:47","date_gmt":"2022-06-28T11:04:47","guid":{"rendered":"https:\/\/stonehouse.se\/produkt\/chockdetektor-cd470-lk3\/"},"modified":"2026-04-08T16:34:50","modified_gmt":"2026-04-08T14:34:50","slug":"chockdetektor-cd470-lk3","status":"publish","type":"product","link":"https:\/\/stonehouse.se\/en\/product\/chockdetektor-cd470-lk3\/","title":{"rendered":"Chockdetektor Cd470 Lk3"},"content":{"rendered":"<p>Chockdetektor med rel\u00e4utg\u00e5ng, liten till formatet i m\u00e5ttet 80x23x20mm f\u00f6r skydd av f\u00f6nster, d\u00f6rrar och v\u00e4ggar. 4 f\u00f6rdefinierade k\u00e4nslighetsniv\u00e5er. Pulsr\u00e4knare (1-4). Explosions- samt integrationskanal (detektion av s\u00e5gning mm). Larmindikering LED och Sab-kontakt, bortbrytningsskydd. PC gr\u00e4nssnitt. Godk\u00e4nd i Larmklass 3<\/p>","protected":false},"excerpt":{"rendered":"<p>Chockdetektor med rel\u00e4utg\u00e5ng, liten till formatet i m\u00e5ttet 80x23x20mm f\u00f6r skydd av f\u00f6nster, d\u00f6rrar och v\u00e4ggar. 4 f\u00f6rdefinierade k\u00e4nslighetsniv\u00e5er. Pulsr\u00e4knare<\/p>","protected":false},"featured_media":83353,"template":"","meta":{"_acf_changed":false},"product_brand":[],"product_cat":[342,485],"product_tag":[1846],"class_list":{"0":"post-31676","1":"product","2":"type-product","3":"status-publish","4":"has-post-thumbnail","6":"product_cat-detektorer-larmgivare","7":"product_cat-vibration-chockdetektor","8":"product_tag-sbsc-larmklass3","9":"product_shipping_class-postnord-varubrev","10":"pa_brands-alarmtech","11":"pa_farg-vit","12":"tm-no-options","14":"first","15":"instock","16":"sale","17":"taxable","18":"shipping-taxable","19":"product-type-simple"},"acf":[],"_links":{"self":[{"href":"https:\/\/stonehouse.se\/en\/wp-json\/wp\/v2\/product\/31676","targetHints":{"allow":["GET"]}}],"collection":[{"href":"https:\/\/stonehouse.se\/en\/wp-json\/wp\/v2\/product"}],"about":[{"href":"https:\/\/stonehouse.se\/en\/wp-json\/wp\/v2\/types\/product"}],"wp:featuredmedia":[{"embeddable":true,"href":"https:\/\/stonehouse.se\/en\/wp-json\/wp\/v2\/media\/83353"}],"wp:attachment":[{"href":"https:\/\/stonehouse.se\/en\/wp-json\/wp\/v2\/media?parent=31676"}],"wp:term":[{"taxonomy":"product_brand","embeddable":true,"href":"https:\/\/stonehouse.se\/en\/wp-json\/wp\/v2\/product_brand?post=31676"},{"taxonomy":"product_cat","embeddable":true,"href":"https:\/\/stonehouse.se\/en\/wp-json\/wp\/v2\/product_cat?post=31676"},{"taxonomy":"product_tag","embeddable":true,"href":"https:\/\/stonehouse.se\/en\/wp-json\/wp\/v2\/product_tag?post=31676"}],"curies":[{"name":"wp","href":"https:\/\/api.w.org\/{rel}","templated":true}]}}