
{"id":31678,"date":"2022-06-28T13:04:46","date_gmt":"2022-06-28T11:04:46","guid":{"rendered":"https:\/\/stonehouse.se\/produkt\/chockdetektor-cd475\/"},"modified":"2026-04-08T16:49:31","modified_gmt":"2026-04-08T14:49:31","slug":"chockdetektor-cd475","status":"publish","type":"product","link":"https:\/\/stonehouse.se\/en\/product\/chockdetektor-cd475\/","title":{"rendered":"Chockdetektor Cd475"},"content":{"rendered":"<p>Chockdetektor liten till formatet i m\u00e5ttet 80x23x20mm f\u00f6r skydd av f\u00f6nster, d\u00f6rrar och v\u00e4ggar. Flera k\u00e4nslighetsniv\u00e5er som st\u00e4lls in med dip-switchar. Pulsr\u00e4knare (3 eller 6). Explosionskanal. Larmindikering LED och sab-kontakt. PC gr\u00e4nssnitt. Detektorn m\u00e5ste anslutas till IU 400 analysator f\u00f6r att fungera.<\/p>","protected":false},"excerpt":{"rendered":"<p>Chockdetektor liten till formatet i m\u00e5ttet 80x23x20mm f\u00f6r skydd av f\u00f6nster, d\u00f6rrar och v\u00e4ggar. Flera k\u00e4nslighetsniv\u00e5er som st\u00e4lls in med<\/p>","protected":false},"featured_media":83471,"template":"","meta":{"_acf_changed":false},"product_brand":[],"product_cat":[342,485],"product_tag":[1846],"class_list":{"0":"post-31678","1":"product","2":"type-product","3":"status-publish","4":"has-post-thumbnail","6":"product_cat-detektorer-larmgivare","7":"product_cat-vibration-chockdetektor","8":"product_tag-sbsc-larmklass3","9":"product_shipping_class-postnord-varubrev","10":"pa_brands-alarmtech","11":"pa_farg-vit","12":"tm-no-options","14":"first","15":"instock","16":"sale","17":"taxable","18":"shipping-taxable","19":"product-type-simple"},"acf":[],"_links":{"self":[{"href":"https:\/\/stonehouse.se\/en\/wp-json\/wp\/v2\/product\/31678","targetHints":{"allow":["GET"]}}],"collection":[{"href":"https:\/\/stonehouse.se\/en\/wp-json\/wp\/v2\/product"}],"about":[{"href":"https:\/\/stonehouse.se\/en\/wp-json\/wp\/v2\/types\/product"}],"wp:featuredmedia":[{"embeddable":true,"href":"https:\/\/stonehouse.se\/en\/wp-json\/wp\/v2\/media\/83471"}],"wp:attachment":[{"href":"https:\/\/stonehouse.se\/en\/wp-json\/wp\/v2\/media?parent=31678"}],"wp:term":[{"taxonomy":"product_brand","embeddable":true,"href":"https:\/\/stonehouse.se\/en\/wp-json\/wp\/v2\/product_brand?post=31678"},{"taxonomy":"product_cat","embeddable":true,"href":"https:\/\/stonehouse.se\/en\/wp-json\/wp\/v2\/product_cat?post=31678"},{"taxonomy":"product_tag","embeddable":true,"href":"https:\/\/stonehouse.se\/en\/wp-json\/wp\/v2\/product_tag?post=31678"}],"curies":[{"name":"wp","href":"https:\/\/api.w.org\/{rel}","templated":true}]}}