
{"id":31679,"date":"2022-06-28T13:04:43","date_gmt":"2022-06-28T11:04:43","guid":{"rendered":"https:\/\/stonehouse.se\/produkt\/akust-glaskrossdet-ad800-am\/"},"modified":"2026-04-08T16:49:41","modified_gmt":"2026-04-08T14:49:41","slug":"akust-glaskrossdet-ad800-am","status":"publish","type":"product","link":"https:\/\/stonehouse.se\/en\/product\/akust-glaskrossdet-ad800-am\/","title":{"rendered":"Akustisk Glaskrossdet. AD800-AM Alarmtech"},"content":{"rendered":"<p>Akustisk glaskrossdetektor med avancerad Anti-Mask funktion. Detektorn bevakar ett eller flera f\u00f6nster alt glaspartier inom ett bevakningsomr\u00e5de upp till 9m och 165\u00b0. Olika k\u00e4nslighetsgrader och f\u00f6nstertyper st\u00e4lls in via dipswitchar. Klarar laminerat glas. Dubbel Anti-Mask funktion som reagerar mot \u00f6vert\u00e4ckning av mikrofonen och detektorn. Larmklass 4 (Grade 3). Anv\u00e4nd g\u00e4rna Testenheten ADT700 (Enr. 6332552) som hj\u00e4lp vid installation och service av detektorn. Typ av meddelande: Akustisk glasbrottsindikator, \u00d6vervakningsradie: 9 m, VdS klass: B, F\u00e4rg: Vit<\/p>","protected":false},"excerpt":{"rendered":"<p>Akustisk glaskrossdetektor med avancerad Anti-Mask funktion. Detektorn bevakar ett eller flera f\u00f6nster alt glaspartier inom ett bevakningsomr\u00e5de upp till 9m<\/p>","protected":false},"featured_media":83425,"template":"","meta":{"_acf_changed":false},"product_brand":[],"product_cat":[352,2618,483],"product_tag":[1612,1747],"class_list":{"0":"post-31679","1":"product","2":"type-product","3":"status-publish","4":"has-post-thumbnail","6":"product_cat-outlet","7":"product_cat-kampanjer","8":"product_cat-glaskrossdetektorer-nya-detektorer-ovriga-larmgivare","9":"product_tag-glaskross-akustisk","10":"product_tag-rel-larmgivare","11":"product_shipping_class-postnord-varubrev","12":"pa_brands-alarmtech","13":"pa_farg-vit","14":"tm-no-options","16":"first","17":"instock","18":"sale","19":"featured","20":"taxable","21":"shipping-taxable","22":"product-type-simple"},"acf":[],"_links":{"self":[{"href":"https:\/\/stonehouse.se\/en\/wp-json\/wp\/v2\/product\/31679","targetHints":{"allow":["GET"]}}],"collection":[{"href":"https:\/\/stonehouse.se\/en\/wp-json\/wp\/v2\/product"}],"about":[{"href":"https:\/\/stonehouse.se\/en\/wp-json\/wp\/v2\/types\/product"}],"wp:featuredmedia":[{"embeddable":true,"href":"https:\/\/stonehouse.se\/en\/wp-json\/wp\/v2\/media\/83425"}],"wp:attachment":[{"href":"https:\/\/stonehouse.se\/en\/wp-json\/wp\/v2\/media?parent=31679"}],"wp:term":[{"taxonomy":"product_brand","embeddable":true,"href":"https:\/\/stonehouse.se\/en\/wp-json\/wp\/v2\/product_brand?post=31679"},{"taxonomy":"product_cat","embeddable":true,"href":"https:\/\/stonehouse.se\/en\/wp-json\/wp\/v2\/product_cat?post=31679"},{"taxonomy":"product_tag","embeddable":true,"href":"https:\/\/stonehouse.se\/en\/wp-json\/wp\/v2\/product_tag?post=31679"}],"curies":[{"name":"wp","href":"https:\/\/api.w.org\/{rel}","templated":true}]}}