
{"id":31682,"date":"2022-06-28T13:04:43","date_gmt":"2022-06-28T11:04:43","guid":{"rendered":"https:\/\/stonehouse.se\/produkt\/limsats-gdk-100\/"},"modified":"2026-04-08T16:40:38","modified_gmt":"2026-04-08T14:40:38","slug":"limsats-gdk-100","status":"publish","type":"product","link":"https:\/\/stonehouse.se\/en\/product\/limsats-gdk-100\/","title":{"rendered":"Limsats Gdk 100"},"content":{"rendered":"<p>Satsen inneh\u00e5ller reng\u00f6ringsmedel, slipduk, h\u00e4rdare och lim. Limmet \u00e4r k\u00e4nsligt f\u00f6r solens UV str\u00e5lar, temperatur och fuktighet. F\u00f6rvara den d\u00e4rf\u00f6r g\u00e4rna kallt i kylsk\u00e5p f\u00f6r extra h\u00e5llbarhet (mellan 8-28 grader C enligt tillverkaren). Limmet \u00e4r Loctite 326 som aktiveras med Aktivatorn Loctite 7649. Se s\u00e4kerhetsdatablad f\u00f6re anv\u00e4nding.<\/p>","protected":false},"excerpt":{"rendered":"<p>Satsen inneh\u00e5ller reng\u00f6ringsmedel, slipduk, h\u00e4rdare och lim. Limmet \u00e4r k\u00e4nsligt f\u00f6r solens UV str\u00e5lar, temperatur och fuktighet. F\u00f6rvara den d\u00e4rf\u00f6r<\/p>","protected":false},"featured_media":83475,"template":"","meta":{"_acf_changed":false},"product_brand":[],"product_cat":[483],"product_tag":[1614],"class_list":{"0":"post-31682","1":"product","2":"type-product","3":"status-publish","4":"has-post-thumbnail","6":"product_cat-glaskrossdetektorer-nya-detektorer-ovriga-larmgivare","7":"product_tag-glaskross-lim-tillbehor","8":"product_shipping_class-postnord-varubrev","9":"pa_brands-alarmtech","10":"pa_farg-gra","11":"tm-no-options","13":"first","14":"outofstock","15":"sale","16":"featured","17":"taxable","18":"shipping-taxable","19":"product-type-simple"},"acf":[],"_links":{"self":[{"href":"https:\/\/stonehouse.se\/en\/wp-json\/wp\/v2\/product\/31682","targetHints":{"allow":["GET"]}}],"collection":[{"href":"https:\/\/stonehouse.se\/en\/wp-json\/wp\/v2\/product"}],"about":[{"href":"https:\/\/stonehouse.se\/en\/wp-json\/wp\/v2\/types\/product"}],"wp:featuredmedia":[{"embeddable":true,"href":"https:\/\/stonehouse.se\/en\/wp-json\/wp\/v2\/media\/83475"}],"wp:attachment":[{"href":"https:\/\/stonehouse.se\/en\/wp-json\/wp\/v2\/media?parent=31682"}],"wp:term":[{"taxonomy":"product_brand","embeddable":true,"href":"https:\/\/stonehouse.se\/en\/wp-json\/wp\/v2\/product_brand?post=31682"},{"taxonomy":"product_cat","embeddable":true,"href":"https:\/\/stonehouse.se\/en\/wp-json\/wp\/v2\/product_cat?post=31682"},{"taxonomy":"product_tag","embeddable":true,"href":"https:\/\/stonehouse.se\/en\/wp-json\/wp\/v2\/product_tag?post=31682"}],"curies":[{"name":"wp","href":"https:\/\/api.w.org\/{rel}","templated":true}]}}