
{"id":31752,"date":"2022-06-28T12:58:38","date_gmt":"2022-06-28T10:58:38","guid":{"rendered":"https:\/\/stonehouse.se\/produkt\/magnetkontakt-mc246-6lszh\/"},"modified":"2026-04-08T16:50:26","modified_gmt":"2026-04-08T14:50:26","slug":"magnetkontakt-mc246-6lszh","status":"publish","type":"product","link":"https:\/\/stonehouse.se\/en\/product\/magnetkontakt-mc246-6lszh\/","title":{"rendered":"Magnetkontakt Mc 246-6Lszh"},"content":{"rendered":"<p>Magnetkontakt med v\u00e4xlande (NC\/NO) funktion f\u00f6r inf\u00e4llt montage i d\u00f6rrar och f\u00f6nster. B\u00e5de kontakt- och magnetdelen \u00e4r i metall och utformade som skruv med g\u00e4ngor vilket m\u00f6jligg\u00f6r enkel montering i tr\u00e4 eller plast. Stort tillbeh\u00f6rsprogram. 6 m halogenfri kabel.<\/p>","protected":false},"excerpt":{"rendered":"<p>Magnetkontakt MC246-6Lszh<\/p>","protected":false},"featured_media":83417,"template":"","meta":{"_acf_changed":false},"product_brand":[],"product_cat":[466],"product_tag":[1848],"class_list":{"0":"post-31752","1":"product","2":"type-product","3":"status-publish","4":"has-post-thumbnail","6":"product_cat-magnetkontakter-inbrottslarm","7":"product_tag-sbsc-larmklass2","8":"product_shipping_class-postnord-varubrev","9":"pa_farg-ovrigt","10":"tm-no-options","12":"first","13":"outofstock","14":"sale","15":"taxable","16":"shipping-taxable","17":"product-type-simple"},"acf":[],"_links":{"self":[{"href":"https:\/\/stonehouse.se\/en\/wp-json\/wp\/v2\/product\/31752","targetHints":{"allow":["GET"]}}],"collection":[{"href":"https:\/\/stonehouse.se\/en\/wp-json\/wp\/v2\/product"}],"about":[{"href":"https:\/\/stonehouse.se\/en\/wp-json\/wp\/v2\/types\/product"}],"wp:featuredmedia":[{"embeddable":true,"href":"https:\/\/stonehouse.se\/en\/wp-json\/wp\/v2\/media\/83417"}],"wp:attachment":[{"href":"https:\/\/stonehouse.se\/en\/wp-json\/wp\/v2\/media?parent=31752"}],"wp:term":[{"taxonomy":"product_brand","embeddable":true,"href":"https:\/\/stonehouse.se\/en\/wp-json\/wp\/v2\/product_brand?post=31752"},{"taxonomy":"product_cat","embeddable":true,"href":"https:\/\/stonehouse.se\/en\/wp-json\/wp\/v2\/product_cat?post=31752"},{"taxonomy":"product_tag","embeddable":true,"href":"https:\/\/stonehouse.se\/en\/wp-json\/wp\/v2\/product_tag?post=31752"}],"curies":[{"name":"wp","href":"https:\/\/api.w.org\/{rel}","templated":true}]}}