
{"id":31796,"date":"2022-06-28T12:52:51","date_gmt":"2022-06-28T10:52:51","guid":{"rendered":"https:\/\/stonehouse.se\/produkt\/magnetkontakt-mc-240-10\/"},"modified":"2026-04-08T16:42:27","modified_gmt":"2026-04-08T14:42:27","slug":"magnetkontakt-mc-240-10","status":"publish","type":"product","link":"https:\/\/stonehouse.se\/en\/product\/magnetkontakt-mc-240-10\/","title":{"rendered":"Magnetkontakt Mc 240-10"},"content":{"rendered":"<p>Magnetkontakt med NC funktion f\u00f6r inf\u00e4llt montage i d\u00f6rrar och f\u00f6nster. Den l\u00e4ngre kontakt- och magnetdelen ger en stor f\u00f6rdel n\u00e4r ett brett parallellt magnetf\u00e4lt \u00f6nskas. B\u00e5de kontakt- och magnetdelen \u00e4r i metall och utformade som en skruv med g\u00e4ngor vilket m\u00f6jligg\u00f6r enkel montering i tr\u00e4 eller plast. F\u00f6r tillbeh\u00f6rs f\u00f6r inf\u00e4llt och f\u00f6r utanp\u00e5liggande montage, se bl.a. 6332743 tom 6332754. Resistanser och specifik kabell\u00e4ngd kan specialbest\u00e4llas. F\u00f6r halogenfri kabel se 6309278<\/p>","protected":false},"excerpt":{"rendered":"<p>Magnetkontakt MC240-10<\/p>","protected":false},"featured_media":83637,"template":"","meta":{"_acf_changed":false},"product_brand":[],"product_cat":[466],"product_tag":[1848],"class_list":{"0":"post-31796","1":"product","2":"type-product","3":"status-publish","4":"has-post-thumbnail","6":"product_cat-magnetkontakter-inbrottslarm","7":"product_tag-sbsc-larmklass2","8":"product_shipping_class-postnord-varubrev","9":"pa_farg-ovrigt","10":"tm-no-options","12":"first","13":"instock","14":"sale","15":"taxable","16":"shipping-taxable","17":"product-type-simple"},"acf":[],"_links":{"self":[{"href":"https:\/\/stonehouse.se\/en\/wp-json\/wp\/v2\/product\/31796","targetHints":{"allow":["GET"]}}],"collection":[{"href":"https:\/\/stonehouse.se\/en\/wp-json\/wp\/v2\/product"}],"about":[{"href":"https:\/\/stonehouse.se\/en\/wp-json\/wp\/v2\/types\/product"}],"wp:featuredmedia":[{"embeddable":true,"href":"https:\/\/stonehouse.se\/en\/wp-json\/wp\/v2\/media\/83637"}],"wp:attachment":[{"href":"https:\/\/stonehouse.se\/en\/wp-json\/wp\/v2\/media?parent=31796"}],"wp:term":[{"taxonomy":"product_brand","embeddable":true,"href":"https:\/\/stonehouse.se\/en\/wp-json\/wp\/v2\/product_brand?post=31796"},{"taxonomy":"product_cat","embeddable":true,"href":"https:\/\/stonehouse.se\/en\/wp-json\/wp\/v2\/product_cat?post=31796"},{"taxonomy":"product_tag","embeddable":true,"href":"https:\/\/stonehouse.se\/en\/wp-json\/wp\/v2\/product_tag?post=31796"}],"curies":[{"name":"wp","href":"https:\/\/api.w.org\/{rel}","templated":true}]}}