
{"id":31803,"date":"2022-06-28T12:52:07","date_gmt":"2022-06-28T10:52:07","guid":{"rendered":"https:\/\/stonehouse.se\/produkt\/magnetkont-rot-mc255-6lszh\/"},"modified":"2026-04-08T16:40:49","modified_gmt":"2026-04-08T14:40:49","slug":"magnetkont-rot-mc255-6lszh","status":"publish","type":"product","link":"https:\/\/stonehouse.se\/en\/product\/magnetkont-rot-mc255-6lszh\/","title":{"rendered":"Magnetkont Rot. Mc 255-6Lszh"},"content":{"rendered":"<p>Magnetkontakt NC, med roterande halogenfri (LSZH) kabel f\u00f6r inf\u00e4llt montage i d\u00f6rrar och f\u00f6nster. Kort kontakt- och magnetdel (23mm resp 22mm l\u00e5ng), passar i tunnare profiler samt i metall och \u00e4r utformade som en skruv med g\u00e4ngor. Kontaktdelen har ett roterande huvud vilket m\u00f6jligg\u00f6r enkel montering i tr\u00e4 eller plast. Tillbeh\u00f6r f\u00f6r inf\u00e4llt och utanp\u00e5liggande montage, se bl.a. 6332743-6332754. Resistanser och specifik kabell\u00e4ngd kan specialbest\u00e4llas.<\/p>","protected":false},"excerpt":{"rendered":"<p>Magnetkont Rot. MC255-6Lszh<\/p>","protected":false},"featured_media":83442,"template":"","meta":{"_acf_changed":false},"product_brand":[],"product_cat":[466],"product_tag":[1848],"class_list":{"0":"post-31803","1":"product","2":"type-product","3":"status-publish","4":"has-post-thumbnail","6":"product_cat-magnetkontakter-inbrottslarm","7":"product_tag-sbsc-larmklass2","8":"product_shipping_class-postnord-varubrev","9":"pa_farg-ovrigt","10":"tm-no-options","12":"first","13":"instock","14":"sale","15":"taxable","16":"shipping-taxable","17":"product-type-simple"},"acf":[],"_links":{"self":[{"href":"https:\/\/stonehouse.se\/en\/wp-json\/wp\/v2\/product\/31803","targetHints":{"allow":["GET"]}}],"collection":[{"href":"https:\/\/stonehouse.se\/en\/wp-json\/wp\/v2\/product"}],"about":[{"href":"https:\/\/stonehouse.se\/en\/wp-json\/wp\/v2\/types\/product"}],"wp:featuredmedia":[{"embeddable":true,"href":"https:\/\/stonehouse.se\/en\/wp-json\/wp\/v2\/media\/83442"}],"wp:attachment":[{"href":"https:\/\/stonehouse.se\/en\/wp-json\/wp\/v2\/media?parent=31803"}],"wp:term":[{"taxonomy":"product_brand","embeddable":true,"href":"https:\/\/stonehouse.se\/en\/wp-json\/wp\/v2\/product_brand?post=31803"},{"taxonomy":"product_cat","embeddable":true,"href":"https:\/\/stonehouse.se\/en\/wp-json\/wp\/v2\/product_cat?post=31803"},{"taxonomy":"product_tag","embeddable":true,"href":"https:\/\/stonehouse.se\/en\/wp-json\/wp\/v2\/product_tag?post=31803"}],"curies":[{"name":"wp","href":"https:\/\/api.w.org\/{rel}","templated":true}]}}