
{"id":31814,"date":"2022-06-28T12:51:15","date_gmt":"2022-06-28T10:51:15","guid":{"rendered":"https:\/\/stonehouse.se\/produkt\/plastkapsling-mc-200-s3\/"},"modified":"2026-04-08T16:43:48","modified_gmt":"2026-04-08T14:43:48","slug":"plastkapsling-mc-200-s3","status":"publish","type":"product","link":"https:\/\/stonehouse.se\/en\/product\/plastkapsling-mc-200-s3\/","title":{"rendered":"Plastkapsling Mc 200-S3"},"content":{"rendered":"<p>Plastkapsling f\u00f6r utanp\u00e5liggande montage av MC 240, MC 246 och MC 247 eller h\u00f6gs\u00e4kerhetskontakterna MC 270, MC 272 samt MC 275. Kontakten och magneten placeras i respektive h\u00e5llare som har m\u00e5tten 65x13x10mm. Levereras med h\u00e5llare, k\u00e5por och en 3 mm plastdistans f\u00f6r varje del. Extra plastdistanser om 3 mm finns se E6332822 (MC 400-4).<\/p>","protected":false},"excerpt":{"rendered":"<p>Plastkapsling MC200-S3<\/p>","protected":false},"featured_media":83871,"template":"","meta":{"_acf_changed":false},"product_brand":[],"product_cat":[466],"product_tag":[],"class_list":{"0":"post-31814","1":"product","2":"type-product","3":"status-publish","4":"has-post-thumbnail","6":"product_cat-magnetkontakter-inbrottslarm","7":"product_shipping_class-postnord-varubrev","8":"pa_farg-vit","9":"tm-no-options","11":"first","12":"instock","13":"sale","14":"taxable","15":"shipping-taxable","16":"product-type-simple"},"acf":[],"_links":{"self":[{"href":"https:\/\/stonehouse.se\/en\/wp-json\/wp\/v2\/product\/31814","targetHints":{"allow":["GET"]}}],"collection":[{"href":"https:\/\/stonehouse.se\/en\/wp-json\/wp\/v2\/product"}],"about":[{"href":"https:\/\/stonehouse.se\/en\/wp-json\/wp\/v2\/types\/product"}],"wp:featuredmedia":[{"embeddable":true,"href":"https:\/\/stonehouse.se\/en\/wp-json\/wp\/v2\/media\/83871"}],"wp:attachment":[{"href":"https:\/\/stonehouse.se\/en\/wp-json\/wp\/v2\/media?parent=31814"}],"wp:term":[{"taxonomy":"product_brand","embeddable":true,"href":"https:\/\/stonehouse.se\/en\/wp-json\/wp\/v2\/product_brand?post=31814"},{"taxonomy":"product_cat","embeddable":true,"href":"https:\/\/stonehouse.se\/en\/wp-json\/wp\/v2\/product_cat?post=31814"},{"taxonomy":"product_tag","embeddable":true,"href":"https:\/\/stonehouse.se\/en\/wp-json\/wp\/v2\/product_tag?post=31814"}],"curies":[{"name":"wp","href":"https:\/\/api.w.org\/{rel}","templated":true}]}}