
{"id":31816,"date":"2022-06-28T12:51:07","date_gmt":"2022-06-28T10:51:07","guid":{"rendered":"https:\/\/stonehouse.se\/produkt\/mag-kontaktset-mc-270-s78\/"},"modified":"2026-04-08T16:39:49","modified_gmt":"2026-04-08T14:39:49","slug":"mag-kontaktset-mc-270-s78","status":"publish","type":"product","link":"https:\/\/stonehouse.se\/en\/product\/mag-kontaktset-mc-270-s78\/","title":{"rendered":"Mag.Kontaktset Mc 270-S78"},"content":{"rendered":"<p>H\u00f6gs\u00e4kerhetskontaktset med metall i massivt aluminium f\u00f6r att klara tuffa milj\u00f6er och milj\u00f6p\u00e5frestningar i form av fukt och gaser samt h\u00e5rt tryck under l\u00e5ng tid utan korrosion. Passar ex. p\u00e5 st\u00e5l- eller j\u00e4rnd\u00f6rrar\/grindar mm. Kontakt och magnetdelen har m\u00e5tten 74x30x30mm. Den extra starka magneten, med h\u00f6g placering ger ett stort gap. Setet best\u00e5r av MC 270-C, MC 200-7 Al kapsling och magnetdel MC 200-8 och MC T4, 1 m armerad slang.<\/p>","protected":false},"excerpt":{"rendered":"<p>Mag.Kontaktset MC270-S78<\/p>","protected":false},"featured_media":83483,"template":"","meta":{"_acf_changed":false},"product_brand":[],"product_cat":[466],"product_tag":[1846],"class_list":{"0":"post-31816","1":"product","2":"type-product","3":"status-publish","4":"has-post-thumbnail","6":"product_cat-magnetkontakter-inbrottslarm","7":"product_tag-sbsc-larmklass3","8":"product_shipping_class-postnord-varubrev","9":"pa_farg-ovrigt","10":"tm-no-options","12":"first","13":"instock","14":"sale","15":"taxable","16":"shipping-taxable","17":"product-type-simple"},"acf":[],"_links":{"self":[{"href":"https:\/\/stonehouse.se\/en\/wp-json\/wp\/v2\/product\/31816","targetHints":{"allow":["GET"]}}],"collection":[{"href":"https:\/\/stonehouse.se\/en\/wp-json\/wp\/v2\/product"}],"about":[{"href":"https:\/\/stonehouse.se\/en\/wp-json\/wp\/v2\/types\/product"}],"wp:featuredmedia":[{"embeddable":true,"href":"https:\/\/stonehouse.se\/en\/wp-json\/wp\/v2\/media\/83483"}],"wp:attachment":[{"href":"https:\/\/stonehouse.se\/en\/wp-json\/wp\/v2\/media?parent=31816"}],"wp:term":[{"taxonomy":"product_brand","embeddable":true,"href":"https:\/\/stonehouse.se\/en\/wp-json\/wp\/v2\/product_brand?post=31816"},{"taxonomy":"product_cat","embeddable":true,"href":"https:\/\/stonehouse.se\/en\/wp-json\/wp\/v2\/product_cat?post=31816"},{"taxonomy":"product_tag","embeddable":true,"href":"https:\/\/stonehouse.se\/en\/wp-json\/wp\/v2\/product_tag?post=31816"}],"curies":[{"name":"wp","href":"https:\/\/api.w.org\/{rel}","templated":true}]}}