
{"id":31819,"date":"2022-06-28T12:50:54","date_gmt":"2022-06-28T10:50:54","guid":{"rendered":"https:\/\/stonehouse.se\/produkt\/magnetkont-tunn-utanpal-10m\/"},"modified":"2026-04-08T16:44:19","modified_gmt":"2026-04-08T14:44:19","slug":"magnetkont-tunn-utanpal-10m","status":"publish","type":"product","link":"https:\/\/stonehouse.se\/en\/product\/magnetkont-tunn-utanpal-10m\/","title":{"rendered":"Magnetkont. Tunn, Utanp\u00e5l 10M"},"content":{"rendered":"<p>Magnetkontakt med NC funktion (i p\u00e5verkan av magnetf\u00e4ltet), f\u00f6r utanp\u00e5liggande montage. Kontakten \u00e4r i vattent\u00e4t (IP67) vit plastkapsling och med lock f\u00f6r att d\u00f6lja skruvh\u00e5len. Med det tunna format \u00e4r det enkel att montera i tr\u00e5nga utrymmen som t.ex. dolt under luckor och l\u00e5dor eller innanf\u00f6r karm- och f\u00f6nster\/d\u00f6rr. Kabeln l\u00f6per ut p\u00e5 l\u00e5ngsidan men kan f\u00e5s d\u00e4r kabeln l\u00f6per ut centrerat under kontakten, se MC 740PE. Kan kompletteras med den runda extra starka magneten M D14x3 (6332851) som \u00e4ven finns som f\u00e4rdigt set MC 740E-M14 m 2m kabel (6309937). Finns \u00e4ven i svart och brunt.<\/p>","protected":false},"excerpt":{"rendered":"<p>Magnetkontakt med NC funktion (i p\u00e5verkan av magnetf\u00e4ltet), f\u00f6r utanp\u00e5liggande montage. Kontakten \u00e4r i vattent\u00e4t (IP67) vit plastkapsling och med<\/p>","protected":false},"featured_media":83873,"template":"","meta":{"_acf_changed":false},"product_brand":[],"product_cat":[466],"product_tag":[],"class_list":{"0":"post-31819","1":"product","2":"type-product","3":"status-publish","4":"has-post-thumbnail","6":"product_cat-magnetkontakter-inbrottslarm","7":"product_shipping_class-postnord-varubrev","8":"pa_farg-vit","9":"tm-no-options","11":"first","12":"outofstock","13":"sale","14":"taxable","15":"shipping-taxable","16":"product-type-simple"},"acf":[],"_links":{"self":[{"href":"https:\/\/stonehouse.se\/en\/wp-json\/wp\/v2\/product\/31819","targetHints":{"allow":["GET"]}}],"collection":[{"href":"https:\/\/stonehouse.se\/en\/wp-json\/wp\/v2\/product"}],"about":[{"href":"https:\/\/stonehouse.se\/en\/wp-json\/wp\/v2\/types\/product"}],"wp:featuredmedia":[{"embeddable":true,"href":"https:\/\/stonehouse.se\/en\/wp-json\/wp\/v2\/media\/83873"}],"wp:attachment":[{"href":"https:\/\/stonehouse.se\/en\/wp-json\/wp\/v2\/media?parent=31819"}],"wp:term":[{"taxonomy":"product_brand","embeddable":true,"href":"https:\/\/stonehouse.se\/en\/wp-json\/wp\/v2\/product_brand?post=31819"},{"taxonomy":"product_cat","embeddable":true,"href":"https:\/\/stonehouse.se\/en\/wp-json\/wp\/v2\/product_cat?post=31819"},{"taxonomy":"product_tag","embeddable":true,"href":"https:\/\/stonehouse.se\/en\/wp-json\/wp\/v2\/product_tag?post=31819"}],"curies":[{"name":"wp","href":"https:\/\/api.w.org\/{rel}","templated":true}]}}