
{"id":31832,"date":"2022-06-28T12:49:40","date_gmt":"2022-06-28T10:49:40","guid":{"rendered":"https:\/\/stonehouse.se\/produkt\/magnetkontaktset-dorr-grind\/"},"modified":"2026-04-08T16:52:50","modified_gmt":"2026-04-08T14:52:50","slug":"magnetkontaktset-dorr-grind","status":"publish","type":"product","link":"https:\/\/stonehouse.se\/en\/product\/magnetkontaktset-dorr-grind\/","title":{"rendered":"Magnetkontaktset, D\u00f6rr, Grind"},"content":{"rendered":"<p>MK-2400-S1 \u00e4r en utanp\u00e5liggande magnetkontakt f\u00f6r portar och grindar i industriella milj\u00f6er. Magnet- och kontakdel m\u00e5ste monteras parallellt och \u00e4r ingjutna i kraftiga kapslingar. Levereras med 6 meter kabel varav den f\u00f6rsta metern \u00e4r skyddad med st\u00e5lslang. Tekniska data: Kontakttyp: NC. Brytsp\u00e4nning: Max. 100 VDC. Brytstr\u00f6m: Max 500 mA. Brytf\u00f6rm\u00e5ga: Max. 6 W. Kabell\u00e4ngd: 6 m. M\u00e5tt kontaktdel: 73 x 26 x 15 mm. M\u00e5tt magnetdel: 73 x 26 x 15 mm. Arbetstemperatur: -40 ~ +70 \u00b0C. Sabotageslinga: Ja. Kapslingsklass: IP67. Milj\u00f6klass: III. Godk\u00e4nnande: VdS Klasse B EN 50131-2-6, Grade 2 SBSC, Larmklass 1\/2.<\/p>","protected":false},"excerpt":{"rendered":"<p>MK-2400-S1 \u00e4r en utanp\u00e5liggande magnetkontakt f\u00f6r portar och grindar i industriella milj\u00f6er. Magnet- och kontakdel m\u00e5ste monteras parallellt och \u00e4r<\/p>","protected":false},"featured_media":83891,"template":"","meta":{"_acf_changed":false},"product_brand":[],"product_cat":[466],"product_tag":[],"class_list":{"0":"post-31832","1":"product","2":"type-product","3":"status-publish","4":"has-post-thumbnail","6":"product_cat-magnetkontakter-inbrottslarm","7":"product_shipping_class-postnord-varubrev","8":"pa_brands-6vanderbilt","9":"tm-no-options","11":"first","12":"instock","13":"sale","14":"taxable","15":"shipping-taxable","16":"product-type-simple"},"acf":[],"_links":{"self":[{"href":"https:\/\/stonehouse.se\/en\/wp-json\/wp\/v2\/product\/31832","targetHints":{"allow":["GET"]}}],"collection":[{"href":"https:\/\/stonehouse.se\/en\/wp-json\/wp\/v2\/product"}],"about":[{"href":"https:\/\/stonehouse.se\/en\/wp-json\/wp\/v2\/types\/product"}],"wp:featuredmedia":[{"embeddable":true,"href":"https:\/\/stonehouse.se\/en\/wp-json\/wp\/v2\/media\/83891"}],"wp:attachment":[{"href":"https:\/\/stonehouse.se\/en\/wp-json\/wp\/v2\/media?parent=31832"}],"wp:term":[{"taxonomy":"product_brand","embeddable":true,"href":"https:\/\/stonehouse.se\/en\/wp-json\/wp\/v2\/product_brand?post=31832"},{"taxonomy":"product_cat","embeddable":true,"href":"https:\/\/stonehouse.se\/en\/wp-json\/wp\/v2\/product_cat?post=31832"},{"taxonomy":"product_tag","embeddable":true,"href":"https:\/\/stonehouse.se\/en\/wp-json\/wp\/v2\/product_tag?post=31832"}],"curies":[{"name":"wp","href":"https:\/\/api.w.org\/{rel}","templated":true}]}}