
{"id":31834,"date":"2022-06-28T12:49:30","date_gmt":"2022-06-28T10:49:30","guid":{"rendered":"https:\/\/stonehouse.se\/produkt\/magnetkontakt-mc-447\/"},"modified":"2026-04-08T16:41:01","modified_gmt":"2026-04-08T14:41:01","slug":"magnetkontakt-mc-447","status":"publish","type":"product","link":"https:\/\/stonehouse.se\/en\/product\/magnetkontakt-mc-447\/","title":{"rendered":"Magnetkontakt Mc 447"},"content":{"rendered":"<p>Magnetkontakt med dubbla kontakter (2xNC) och sabotagekontakt samt \u00f6ppningsskydd, f\u00f6r utanp\u00e5liggande montage. F\u00f6r snabb och enkel montering har den skruvplint med tr\u00e5dskydd. Vit plast. Kontakten kan med medf\u00f6ljande plastdistanser monteras p\u00e5 st\u00e5l. Montagevinklar MC L och MC Z finns som tillbeh\u00f6r samt extra plastdistanser MC 400-3 f\u00f6r kontaktdelen och MC 400-4 f\u00f6r magnetdelen.<\/p>","protected":false},"excerpt":{"rendered":"<p>Magnetkontakt MC447<\/p>","protected":false},"featured_media":83494,"template":"","meta":{"_acf_changed":false},"product_brand":[],"product_cat":[466],"product_tag":[1848],"class_list":{"0":"post-31834","1":"product","2":"type-product","3":"status-publish","4":"has-post-thumbnail","6":"product_cat-magnetkontakter-inbrottslarm","7":"product_tag-sbsc-larmklass2","8":"product_shipping_class-postnord-varubrev","9":"pa_farg-vit","10":"tm-no-options","12":"first","13":"instock","14":"sale","15":"taxable","16":"shipping-taxable","17":"product-type-simple"},"acf":[],"_links":{"self":[{"href":"https:\/\/stonehouse.se\/en\/wp-json\/wp\/v2\/product\/31834","targetHints":{"allow":["GET"]}}],"collection":[{"href":"https:\/\/stonehouse.se\/en\/wp-json\/wp\/v2\/product"}],"about":[{"href":"https:\/\/stonehouse.se\/en\/wp-json\/wp\/v2\/types\/product"}],"wp:featuredmedia":[{"embeddable":true,"href":"https:\/\/stonehouse.se\/en\/wp-json\/wp\/v2\/media\/83494"}],"wp:attachment":[{"href":"https:\/\/stonehouse.se\/en\/wp-json\/wp\/v2\/media?parent=31834"}],"wp:term":[{"taxonomy":"product_brand","embeddable":true,"href":"https:\/\/stonehouse.se\/en\/wp-json\/wp\/v2\/product_brand?post=31834"},{"taxonomy":"product_cat","embeddable":true,"href":"https:\/\/stonehouse.se\/en\/wp-json\/wp\/v2\/product_cat?post=31834"},{"taxonomy":"product_tag","embeddable":true,"href":"https:\/\/stonehouse.se\/en\/wp-json\/wp\/v2\/product_tag?post=31834"}],"curies":[{"name":"wp","href":"https:\/\/api.w.org\/{rel}","templated":true}]}}