
{"id":31835,"date":"2022-06-28T12:49:24","date_gmt":"2022-06-28T10:49:24","guid":{"rendered":"https:\/\/stonehouse.se\/produkt\/magnetkontakt-mc-340-s32-10\/"},"modified":"2026-04-09T10:28:49","modified_gmt":"2026-04-09T08:28:49","slug":"magnetkontakt-mc-340-s32-10","status":"publish","type":"product","link":"https:\/\/stonehouse.se\/en\/product\/magnetkontakt-mc-340-s32-10\/","title":{"rendered":"Magnetkontakt Mc 340-S32-10"},"content":{"rendered":"<p>Magnetkontakt med NC funktion som f\u00e4rdigt set inklusive plastadaptern MC 300-S32 med en extra stark magnet f\u00f6r montering i d\u00f6rr och f\u00f6nster i magnetiskt material eller f\u00f6r ett l\u00e4ngre arbetsavst\u00e5nd vid montering i ett omagnetiskt material. Adaptern har snap-in funktion och \u00e4r anpassad f\u00f6r tv\u00e5 olika godstjocklekar: 1mm och 1,5mm. B\u00e5de kontakt- och magnetdelen \u00e4r i vattent\u00e4t (IP 67) vit plastkapsling. F\u00f6r en borrdiameter om 19mm.<\/p>","protected":false},"excerpt":{"rendered":"<p>Magnetkontakt MC340-S32-10<\/p>","protected":false},"featured_media":83898,"template":"","meta":{"_acf_changed":false},"product_brand":[],"product_cat":[466],"product_tag":[1848],"class_list":{"0":"post-31835","1":"product","2":"type-product","3":"status-publish","4":"has-post-thumbnail","6":"product_cat-magnetkontakter-inbrottslarm","7":"product_tag-sbsc-larmklass2","8":"product_shipping_class-postnord-varubrev","9":"pa_brands-alarmtech","10":"pa_farg-vit","11":"tm-no-options","13":"first","14":"instock","15":"sale","16":"taxable","17":"shipping-taxable","18":"product-type-simple"},"acf":[],"_links":{"self":[{"href":"https:\/\/stonehouse.se\/en\/wp-json\/wp\/v2\/product\/31835","targetHints":{"allow":["GET"]}}],"collection":[{"href":"https:\/\/stonehouse.se\/en\/wp-json\/wp\/v2\/product"}],"about":[{"href":"https:\/\/stonehouse.se\/en\/wp-json\/wp\/v2\/types\/product"}],"wp:featuredmedia":[{"embeddable":true,"href":"https:\/\/stonehouse.se\/en\/wp-json\/wp\/v2\/media\/83898"}],"wp:attachment":[{"href":"https:\/\/stonehouse.se\/en\/wp-json\/wp\/v2\/media?parent=31835"}],"wp:term":[{"taxonomy":"product_brand","embeddable":true,"href":"https:\/\/stonehouse.se\/en\/wp-json\/wp\/v2\/product_brand?post=31835"},{"taxonomy":"product_cat","embeddable":true,"href":"https:\/\/stonehouse.se\/en\/wp-json\/wp\/v2\/product_cat?post=31835"},{"taxonomy":"product_tag","embeddable":true,"href":"https:\/\/stonehouse.se\/en\/wp-json\/wp\/v2\/product_tag?post=31835"}],"curies":[{"name":"wp","href":"https:\/\/api.w.org\/{rel}","templated":true}]}}