
{"id":31840,"date":"2022-06-28T12:48:54","date_gmt":"2022-06-28T10:48:54","guid":{"rendered":"https:\/\/stonehouse.se\/produkt\/plastadapter-mc-300-s32\/"},"modified":"2026-04-08T16:43:48","modified_gmt":"2026-04-08T14:43:48","slug":"plastadapter-mc-300-s32","status":"publish","type":"product","link":"https:\/\/stonehouse.se\/en\/product\/plastadapter-mc-300-s32\/","title":{"rendered":"Plastadapter Mc 300-S32"},"content":{"rendered":"<p>Plastadapter med stark magnet f\u00f6r inf\u00e4llning av magnetkontakter i d\u00f6rr- och f\u00f6nsterkarmar av st\u00e5l eller d\u00e4r ett st\u00f6rre arbetsavst\u00e5nd \u00f6nskas. Med snap-in funktion f\u00f6r tv\u00e5 olika godstjocklekar, 1 mm och 1,5 mm. Passar till MC 340, 346 och 347 och MC 370. Finns \u00e4ven som ett f\u00e4rdigt set, se MC 340-S32 (6332776) och MC 370-S32 (6332800) och i olika kabell\u00e4ngder.<\/p>","protected":false},"excerpt":{"rendered":"<p>Plastadapter MC300-S32<\/p>","protected":false},"featured_media":83906,"template":"","meta":{"_acf_changed":false},"product_brand":[],"product_cat":[466],"product_tag":[],"class_list":{"0":"post-31840","1":"product","2":"type-product","3":"status-publish","4":"has-post-thumbnail","6":"product_cat-magnetkontakter-inbrottslarm","7":"product_shipping_class-postnord-varubrev","8":"pa_farg-vit","9":"tm-no-options","11":"first","12":"instock","13":"sale","14":"taxable","15":"shipping-taxable","16":"product-type-simple"},"acf":[],"_links":{"self":[{"href":"https:\/\/stonehouse.se\/en\/wp-json\/wp\/v2\/product\/31840","targetHints":{"allow":["GET"]}}],"collection":[{"href":"https:\/\/stonehouse.se\/en\/wp-json\/wp\/v2\/product"}],"about":[{"href":"https:\/\/stonehouse.se\/en\/wp-json\/wp\/v2\/types\/product"}],"wp:featuredmedia":[{"embeddable":true,"href":"https:\/\/stonehouse.se\/en\/wp-json\/wp\/v2\/media\/83906"}],"wp:attachment":[{"href":"https:\/\/stonehouse.se\/en\/wp-json\/wp\/v2\/media?parent=31840"}],"wp:term":[{"taxonomy":"product_brand","embeddable":true,"href":"https:\/\/stonehouse.se\/en\/wp-json\/wp\/v2\/product_brand?post=31840"},{"taxonomy":"product_cat","embeddable":true,"href":"https:\/\/stonehouse.se\/en\/wp-json\/wp\/v2\/product_cat?post=31840"},{"taxonomy":"product_tag","embeddable":true,"href":"https:\/\/stonehouse.se\/en\/wp-json\/wp\/v2\/product_tag?post=31840"}],"curies":[{"name":"wp","href":"https:\/\/api.w.org\/{rel}","templated":true}]}}