
{"id":31846,"date":"2022-06-28T12:48:30","date_gmt":"2022-06-28T10:48:30","guid":{"rendered":"https:\/\/stonehouse.se\/produkt\/magnetkontakt-mc-340-5\/"},"modified":"2026-04-08T16:54:21","modified_gmt":"2026-04-08T14:54:21","slug":"magnetkontakt-mc-340-5","status":"publish","type":"product","link":"https:\/\/stonehouse.se\/en\/product\/magnetkontakt-mc-340-5\/","title":{"rendered":"Magnetkontakt Mc 340-5"},"content":{"rendered":"<p>Magnetkontakt med NC funktion f\u00f6r inf\u00e4llt montage i d\u00f6rrar och f\u00f6nster med m\u00e5tten 9x26mm. B\u00e5de kontakt- och magnetdelen \u00e4r i vattent\u00e4t (IP 67) vit plastkapsling med fl\u00e4nsar vilket m\u00f6jligg\u00f6r enkel montering i tr\u00e4 utan extra tillbeh\u00f6r. Stort tillbeh\u00f6rsprogram finns, se 6332803-6332811 samt i flera f\u00e4rdiga set f\u00f6r olika applikationer, se 6332767-6332778. F\u00f6r h\u00f6gs\u00e4kerhetskontakter se MC 370, 6332790. Resistanser och specialkabell\u00e4ngder eller halogenfri kabel kan specialbest\u00e4llas.<\/p>","protected":false},"excerpt":{"rendered":"<p>Magnetkontakt MC340-5<\/p>","protected":false},"featured_media":83502,"template":"","meta":{"_acf_changed":false},"product_brand":[],"product_cat":[466],"product_tag":[1848],"class_list":{"0":"post-31846","1":"product","2":"type-product","3":"status-publish","4":"has-post-thumbnail","6":"product_cat-magnetkontakter-inbrottslarm","7":"product_tag-sbsc-larmklass2","8":"product_shipping_class-postnord-varubrev","9":"pa_brands-alarmtech","10":"pa_farg-vit","11":"tm-no-options","13":"first","14":"instock","15":"sale","16":"taxable","17":"shipping-taxable","18":"product-type-simple"},"acf":[],"_links":{"self":[{"href":"https:\/\/stonehouse.se\/en\/wp-json\/wp\/v2\/product\/31846","targetHints":{"allow":["GET"]}}],"collection":[{"href":"https:\/\/stonehouse.se\/en\/wp-json\/wp\/v2\/product"}],"about":[{"href":"https:\/\/stonehouse.se\/en\/wp-json\/wp\/v2\/types\/product"}],"wp:featuredmedia":[{"embeddable":true,"href":"https:\/\/stonehouse.se\/en\/wp-json\/wp\/v2\/media\/83502"}],"wp:attachment":[{"href":"https:\/\/stonehouse.se\/en\/wp-json\/wp\/v2\/media?parent=31846"}],"wp:term":[{"taxonomy":"product_brand","embeddable":true,"href":"https:\/\/stonehouse.se\/en\/wp-json\/wp\/v2\/product_brand?post=31846"},{"taxonomy":"product_cat","embeddable":true,"href":"https:\/\/stonehouse.se\/en\/wp-json\/wp\/v2\/product_cat?post=31846"},{"taxonomy":"product_tag","embeddable":true,"href":"https:\/\/stonehouse.se\/en\/wp-json\/wp\/v2\/product_tag?post=31846"}],"curies":[{"name":"wp","href":"https:\/\/api.w.org\/{rel}","templated":true}]}}