
{"id":31850,"date":"2022-06-28T12:48:13","date_gmt":"2022-06-28T10:48:13","guid":{"rendered":"https:\/\/stonehouse.se\/produkt\/magnetkont-set-mc-240-s56\/"},"modified":"2026-04-08T16:54:59","modified_gmt":"2026-04-08T14:54:59","slug":"magnetkont-set-mc-240-s56","status":"publish","type":"product","link":"https:\/\/stonehouse.se\/en\/product\/magnetkont-set-mc-240-s56\/","title":{"rendered":"Magnetkont.Set Mc 240-S56"},"content":{"rendered":"<p>Magnetkontaktset i massivt aluminium f\u00f6r att klara tuffa milj\u00f6er och h\u00e5rt tryck under l\u00e5ng tid utan korrosion. Passar ex. garage- industriportar av vik-, rull- eller over-headtyp mm. Kontaktdelen har m\u00e5ttet 104x40x15mm och klarar vikten av en bil. Magnetdelen har m\u00e5ttet 74x25x15mm med en extra stark magnet. Med monteringsvinkel MC L kan magneten enkelt justeras. Setet best\u00e5r av MC 240-C, MC 200-6 Al kapsling och magnetdel MC 200-5, montagevinkel MC L samt MC T4, 1 m armerad slang.<\/p>","protected":false},"excerpt":{"rendered":"<p>Magnetkont.Set MC240-S56<\/p>","protected":false},"featured_media":83507,"template":"","meta":{"_acf_changed":false},"product_brand":[],"product_cat":[466],"product_tag":[1848],"class_list":{"0":"post-31850","1":"product","2":"type-product","3":"status-publish","4":"has-post-thumbnail","6":"product_cat-magnetkontakter-inbrottslarm","7":"product_tag-sbsc-larmklass2","8":"product_shipping_class-postnord-varubrev","9":"pa_farg-ovrigt","10":"tm-no-options","12":"first","13":"instock","14":"sale","15":"taxable","16":"shipping-taxable","17":"product-type-simple"},"acf":[],"_links":{"self":[{"href":"https:\/\/stonehouse.se\/en\/wp-json\/wp\/v2\/product\/31850","targetHints":{"allow":["GET"]}}],"collection":[{"href":"https:\/\/stonehouse.se\/en\/wp-json\/wp\/v2\/product"}],"about":[{"href":"https:\/\/stonehouse.se\/en\/wp-json\/wp\/v2\/types\/product"}],"wp:featuredmedia":[{"embeddable":true,"href":"https:\/\/stonehouse.se\/en\/wp-json\/wp\/v2\/media\/83507"}],"wp:attachment":[{"href":"https:\/\/stonehouse.se\/en\/wp-json\/wp\/v2\/media?parent=31850"}],"wp:term":[{"taxonomy":"product_brand","embeddable":true,"href":"https:\/\/stonehouse.se\/en\/wp-json\/wp\/v2\/product_brand?post=31850"},{"taxonomy":"product_cat","embeddable":true,"href":"https:\/\/stonehouse.se\/en\/wp-json\/wp\/v2\/product_cat?post=31850"},{"taxonomy":"product_tag","embeddable":true,"href":"https:\/\/stonehouse.se\/en\/wp-json\/wp\/v2\/product_tag?post=31850"}],"curies":[{"name":"wp","href":"https:\/\/api.w.org\/{rel}","templated":true}]}}