
{"id":31858,"date":"2022-06-28T12:47:22","date_gmt":"2022-06-28T10:47:22","guid":{"rendered":"https:\/\/stonehouse.se\/produkt\/magnetkontakt-aluminium-dc118\/"},"modified":"2026-04-08T16:45:07","modified_gmt":"2026-04-08T14:45:07","slug":"magnetkontakt-aluminium-dc118","status":"publish","type":"product","link":"https:\/\/stonehouse.se\/en\/product\/magnetkontakt-aluminium-dc118\/","title":{"rendered":"Magnetkontakt Aluminium Dc 118"},"content":{"rendered":"<p>Magnetkontakt, utanp\u00e5liggande montage. DC118 &#8211; Industrikontakt. DC118 \u00e4r utformade f\u00f6r att monteras i kommersiella och industriella milj\u00f6er d\u00e4r en robust sluten enhet beh\u00f6vs. Den \u00e4r idealiskt f\u00f6r metalld\u00f6rrar, staket och grindar. Varje modell har en h\u00f6g h\u00e5llfasthet aluminiumkapsel och \u00e4r helt inkapslat i en exklusiv polyuretan massa. Arbetsavst\u00e5nd 0-87 mm. Fast kabel 2 m Inklusive monteringsvinkel DC193. M\u00e5tt 76 x 12 x 25 mm. Inkl vinkel.<\/p>","protected":false},"excerpt":{"rendered":"<p>Magnetkontakt Aluminium Dc 118<\/p>","protected":false},"featured_media":83671,"template":"","meta":{"_acf_changed":false},"product_brand":[],"product_cat":[466],"product_tag":[],"class_list":{"0":"post-31858","1":"product","2":"type-product","3":"status-publish","4":"has-post-thumbnail","6":"product_cat-magnetkontakter-inbrottslarm","7":"product_shipping_class-postnord-varubrev","8":"tm-no-options","10":"first","11":"instock","12":"sale","13":"taxable","14":"shipping-taxable","15":"product-type-simple"},"acf":[],"_links":{"self":[{"href":"https:\/\/stonehouse.se\/en\/wp-json\/wp\/v2\/product\/31858","targetHints":{"allow":["GET"]}}],"collection":[{"href":"https:\/\/stonehouse.se\/en\/wp-json\/wp\/v2\/product"}],"about":[{"href":"https:\/\/stonehouse.se\/en\/wp-json\/wp\/v2\/types\/product"}],"wp:featuredmedia":[{"embeddable":true,"href":"https:\/\/stonehouse.se\/en\/wp-json\/wp\/v2\/media\/83671"}],"wp:attachment":[{"href":"https:\/\/stonehouse.se\/en\/wp-json\/wp\/v2\/media?parent=31858"}],"wp:term":[{"taxonomy":"product_brand","embeddable":true,"href":"https:\/\/stonehouse.se\/en\/wp-json\/wp\/v2\/product_brand?post=31858"},{"taxonomy":"product_cat","embeddable":true,"href":"https:\/\/stonehouse.se\/en\/wp-json\/wp\/v2\/product_cat?post=31858"},{"taxonomy":"product_tag","embeddable":true,"href":"https:\/\/stonehouse.se\/en\/wp-json\/wp\/v2\/product_tag?post=31858"}],"curies":[{"name":"wp","href":"https:\/\/api.w.org\/{rel}","templated":true}]}}