
{"id":31863,"date":"2022-06-28T12:46:59","date_gmt":"2022-06-28T10:46:59","guid":{"rendered":"https:\/\/stonehouse.se\/produkt\/magnetkontakt-dc101s60\/"},"modified":"2026-04-08T16:46:24","modified_gmt":"2026-04-08T14:46:24","slug":"magnetkontakt-dc101s60","status":"publish","type":"product","link":"https:\/\/stonehouse.se\/en\/product\/magnetkontakt-dc101s60\/","title":{"rendered":"Magnetkontakt Dc 101S60"},"content":{"rendered":"<p>Magnetkontakt, utanp\u00e5liggande montage. Fast kabel 6 m. Arbetsavst\u00e5nd 0-28 mm . M\u00e5tt 50 x 9 x 9 mm. DC101S60 \u00e4r en magnetkontakt f\u00f6r utanp\u00e5- liggande montage och \u00e4r konstruerad f\u00f6r anv\u00e4ndning i installationer d\u00e4r en liten, kapslad enhet kr\u00e4vs. Kontaktdelen \u00e4r helt inkapslad i en exklusiv polyuretan f\u00f6rening som hindrar att fukt tr\u00e4nger in i kontakten och orsakar falsklarm. Installation. Arbetsavst\u00e5ndet p\u00e5 16 mm m\u00f6jligg\u00f6r snabb, enkel installation och f\u00f6rhindrar falsklarm fr\u00e5n l\u00f6st sittande d\u00f6rrar. Vid montage ska man ta h\u00e4nsyn till eventuella f\u00f6r\u00e4ndringar i olika material s\u00e5 att det maximala kontaktavst\u00e5ndet inte \u00f6verskrids. F\u00f6rs\u00e4nkta h\u00e5l f\u00f6r skruvar ger en ren och snygg installation. Komponenter och material med kvalitet. Reedkontaktens ben \u00e4r pl\u00e4terade med rodium eller rutenium, och hermetiskt tillsluten i torr kv\u00e4ve. Detta ger \u00f6verl\u00e4gset skydd mot att kontakten inte klibbar ihop och ger dessutom en fuktfri milj\u00f6 som f\u00f6rhindrar korrosion.<\/p>","protected":false},"excerpt":{"rendered":"<p>Magnetkontakt Dc 101S60<\/p>","protected":false},"featured_media":83921,"template":"","meta":{"_acf_changed":false},"product_brand":[],"product_cat":[466],"product_tag":[],"class_list":{"0":"post-31863","1":"product","2":"type-product","3":"status-publish","4":"has-post-thumbnail","6":"product_cat-magnetkontakter-inbrottslarm","7":"product_shipping_class-postnord-varubrev","8":"pa_farg-vit","9":"tm-no-options","11":"first","12":"instock","13":"sale","14":"taxable","15":"shipping-taxable","16":"product-type-simple"},"acf":[],"_links":{"self":[{"href":"https:\/\/stonehouse.se\/en\/wp-json\/wp\/v2\/product\/31863","targetHints":{"allow":["GET"]}}],"collection":[{"href":"https:\/\/stonehouse.se\/en\/wp-json\/wp\/v2\/product"}],"about":[{"href":"https:\/\/stonehouse.se\/en\/wp-json\/wp\/v2\/types\/product"}],"wp:featuredmedia":[{"embeddable":true,"href":"https:\/\/stonehouse.se\/en\/wp-json\/wp\/v2\/media\/83921"}],"wp:attachment":[{"href":"https:\/\/stonehouse.se\/en\/wp-json\/wp\/v2\/media?parent=31863"}],"wp:term":[{"taxonomy":"product_brand","embeddable":true,"href":"https:\/\/stonehouse.se\/en\/wp-json\/wp\/v2\/product_brand?post=31863"},{"taxonomy":"product_cat","embeddable":true,"href":"https:\/\/stonehouse.se\/en\/wp-json\/wp\/v2\/product_cat?post=31863"},{"taxonomy":"product_tag","embeddable":true,"href":"https:\/\/stonehouse.se\/en\/wp-json\/wp\/v2\/product_tag?post=31863"}],"curies":[{"name":"wp","href":"https:\/\/api.w.org\/{rel}","templated":true}]}}