
{"id":31866,"date":"2022-06-28T12:46:48","date_gmt":"2022-06-28T10:46:48","guid":{"rendered":"https:\/\/stonehouse.se\/produkt\/mag-kontaktset-mc-270-s45\/"},"modified":"2026-04-09T10:21:43","modified_gmt":"2026-04-09T08:21:43","slug":"mag-kontaktset-mc-270-s45","status":"publish","type":"product","link":"https:\/\/stonehouse.se\/en\/product\/mag-kontaktset-mc-270-s45\/","title":{"rendered":"Mag.Kontaktset Mc 270-S45"},"content":{"rendered":"<p>H\u00f6gs\u00e4kerhetskontaktset med metall i massivt aluminium f\u00f6r att klara tuffa milj\u00f6er och milj\u00f6p\u00e5frestningar i form av fukt och gaser samt h\u00e5rt tryck under l\u00e5ng tid utan korrosion. Passar ex. p\u00e5 grindar och portar. B\u00e5da delarna \u00e4r rektangul\u00e4ra i m\u00e5tten 74x25x15mm. Setet best\u00e5r av av MC 270-C, MC 200-4 Al kapsling och magnetdel MC 200-5 samt MC T4, 1 m armerad slang. Setet kan kompletteras med en l\u00e4ngre slang, MC T7 (2m) 6348493 eller monteringsvinklar, se MC Z eller MC L, 6348495-6348496.<\/p>","protected":false},"excerpt":{"rendered":"<p>Mag.Kontaktset MC270-S45<\/p>","protected":false},"featured_media":83466,"template":"","meta":{"_acf_changed":false},"product_brand":[],"product_cat":[466],"product_tag":[1846],"class_list":{"0":"post-31866","1":"product","2":"type-product","3":"status-publish","4":"has-post-thumbnail","6":"product_cat-magnetkontakter-inbrottslarm","7":"product_tag-sbsc-larmklass3","8":"product_shipping_class-postnord-varubrev","9":"pa_brands-alarmtech","10":"pa_farg-ovrigt","11":"tm-no-options","13":"first","14":"instock","15":"sale","16":"taxable","17":"shipping-taxable","18":"product-type-simple"},"acf":[],"_links":{"self":[{"href":"https:\/\/stonehouse.se\/en\/wp-json\/wp\/v2\/product\/31866","targetHints":{"allow":["GET"]}}],"collection":[{"href":"https:\/\/stonehouse.se\/en\/wp-json\/wp\/v2\/product"}],"about":[{"href":"https:\/\/stonehouse.se\/en\/wp-json\/wp\/v2\/types\/product"}],"wp:featuredmedia":[{"embeddable":true,"href":"https:\/\/stonehouse.se\/en\/wp-json\/wp\/v2\/media\/83466"}],"wp:attachment":[{"href":"https:\/\/stonehouse.se\/en\/wp-json\/wp\/v2\/media?parent=31866"}],"wp:term":[{"taxonomy":"product_brand","embeddable":true,"href":"https:\/\/stonehouse.se\/en\/wp-json\/wp\/v2\/product_brand?post=31866"},{"taxonomy":"product_cat","embeddable":true,"href":"https:\/\/stonehouse.se\/en\/wp-json\/wp\/v2\/product_cat?post=31866"},{"taxonomy":"product_tag","embeddable":true,"href":"https:\/\/stonehouse.se\/en\/wp-json\/wp\/v2\/product_tag?post=31866"}],"curies":[{"name":"wp","href":"https:\/\/api.w.org\/{rel}","templated":true}]}}