
{"id":31868,"date":"2022-06-28T12:46:24","date_gmt":"2022-06-28T10:46:24","guid":{"rendered":"https:\/\/stonehouse.se\/produkt\/magnetkontakt-mc440-2x47k\/"},"modified":"2026-04-08T16:49:42","modified_gmt":"2026-04-08T14:49:42","slug":"magnetkontakt-mc440-2x47k","status":"publish","type":"product","link":"https:\/\/stonehouse.se\/en\/product\/magnetkontakt-mc440-2x47k\/","title":{"rendered":"Magnetkontakt Mc 440-2X4,7K"},"content":{"rendered":"<p>Magnetkontakt med 2 f\u00f6rmonterade resistanser om 4,7K ohm f\u00f6r balanserad slinga. Vid installation v\u00e4ljs enkelt om en eller b\u00e4gge resistanserna skall anv\u00e4ndas. Plastdistanser medf\u00f6ljer till magnet- respektive kontaktdelen vid montering p\u00e5 st\u00e5l eller f\u00f6r att bygga b\u00e4ttre avst\u00e5nd. Plastdistanserna finns \u00e4ven separat, se MC 400-6 resp. MC 400-7. F\u00f6r tunnare plastdistanser fungerar \u00e4ven MC 400-3 resp MC 400-4. Specialbest\u00e4llning om olika resistansv\u00e4rden \u00f6nskas.<\/p>","protected":false},"excerpt":{"rendered":"<p>Magnetkontakt MC440-2X4,7K<\/p>","protected":false},"featured_media":83926,"template":"","meta":{"_acf_changed":false},"product_brand":[],"product_cat":[466],"product_tag":[1848],"class_list":{"0":"post-31868","1":"product","2":"type-product","3":"status-publish","4":"has-post-thumbnail","6":"product_cat-magnetkontakter-inbrottslarm","7":"product_tag-sbsc-larmklass2","8":"product_shipping_class-postnord-varubrev","9":"pa_farg-vit","10":"tm-no-options","12":"first","13":"instock","14":"sale","15":"taxable","16":"shipping-taxable","17":"product-type-simple"},"acf":[],"_links":{"self":[{"href":"https:\/\/stonehouse.se\/en\/wp-json\/wp\/v2\/product\/31868","targetHints":{"allow":["GET"]}}],"collection":[{"href":"https:\/\/stonehouse.se\/en\/wp-json\/wp\/v2\/product"}],"about":[{"href":"https:\/\/stonehouse.se\/en\/wp-json\/wp\/v2\/types\/product"}],"wp:featuredmedia":[{"embeddable":true,"href":"https:\/\/stonehouse.se\/en\/wp-json\/wp\/v2\/media\/83926"}],"wp:attachment":[{"href":"https:\/\/stonehouse.se\/en\/wp-json\/wp\/v2\/media?parent=31868"}],"wp:term":[{"taxonomy":"product_brand","embeddable":true,"href":"https:\/\/stonehouse.se\/en\/wp-json\/wp\/v2\/product_brand?post=31868"},{"taxonomy":"product_cat","embeddable":true,"href":"https:\/\/stonehouse.se\/en\/wp-json\/wp\/v2\/product_cat?post=31868"},{"taxonomy":"product_tag","embeddable":true,"href":"https:\/\/stonehouse.se\/en\/wp-json\/wp\/v2\/product_tag?post=31868"}],"curies":[{"name":"wp","href":"https:\/\/api.w.org\/{rel}","templated":true}]}}