
{"id":31870,"date":"2022-06-28T12:46:19","date_gmt":"2022-06-28T10:46:19","guid":{"rendered":"https:\/\/stonehouse.se\/produkt\/magnetkont-set-mc-240-s68\/"},"modified":"2026-04-08T16:50:06","modified_gmt":"2026-04-08T14:50:06","slug":"magnetkont-set-mc-240-s68","status":"publish","type":"product","link":"https:\/\/stonehouse.se\/en\/product\/magnetkont-set-mc-240-s68\/","title":{"rendered":"Magnetkont.Set Mc 240-S68"},"content":{"rendered":"<p>Magnetkontaktset i massivt aluminium f\u00f6r tuffa milj\u00f6er och milj\u00f6p\u00e5frestningar i form av fukt och gaser samt h\u00e5rt tryck under l\u00e5ng tid utan korrosion. Passar ex. garage- industriportar av vik-, rull- eller over-headtyp mm. Kontaktdelen har 104x40x15mm och klarar vikten av en bil. Magnetdelen i m\u00e5ttet 74x30x30mm med en extra stark magnet som sitter l\u00e5ngt fr\u00e5n f\u00e4stpunkten. Setet best\u00e5r av MC 240-C, MC 200-6 Al kapsling, magnetdel MC 200-8 och MC T4, 1 m armerad slang.<\/p>","protected":false},"excerpt":{"rendered":"<p>Magnetkont.Set MC240-S68<\/p>","protected":false},"featured_media":83588,"template":"","meta":{"_acf_changed":false},"product_brand":[],"product_cat":[466],"product_tag":[1848],"class_list":{"0":"post-31870","1":"product","2":"type-product","3":"status-publish","4":"has-post-thumbnail","6":"product_cat-magnetkontakter-inbrottslarm","7":"product_tag-sbsc-larmklass2","8":"product_shipping_class-postnord-varubrev","9":"pa_farg-ovrigt","10":"tm-no-options","12":"first","13":"instock","14":"sale","15":"taxable","16":"shipping-taxable","17":"product-type-simple"},"acf":[],"_links":{"self":[{"href":"https:\/\/stonehouse.se\/en\/wp-json\/wp\/v2\/product\/31870","targetHints":{"allow":["GET"]}}],"collection":[{"href":"https:\/\/stonehouse.se\/en\/wp-json\/wp\/v2\/product"}],"about":[{"href":"https:\/\/stonehouse.se\/en\/wp-json\/wp\/v2\/types\/product"}],"wp:featuredmedia":[{"embeddable":true,"href":"https:\/\/stonehouse.se\/en\/wp-json\/wp\/v2\/media\/83588"}],"wp:attachment":[{"href":"https:\/\/stonehouse.se\/en\/wp-json\/wp\/v2\/media?parent=31870"}],"wp:term":[{"taxonomy":"product_brand","embeddable":true,"href":"https:\/\/stonehouse.se\/en\/wp-json\/wp\/v2\/product_brand?post=31870"},{"taxonomy":"product_cat","embeddable":true,"href":"https:\/\/stonehouse.se\/en\/wp-json\/wp\/v2\/product_cat?post=31870"},{"taxonomy":"product_tag","embeddable":true,"href":"https:\/\/stonehouse.se\/en\/wp-json\/wp\/v2\/product_tag?post=31870"}],"curies":[{"name":"wp","href":"https:\/\/api.w.org\/{rel}","templated":true}]}}