
{"id":31881,"date":"2022-06-28T12:45:34","date_gmt":"2022-06-28T10:45:34","guid":{"rendered":"https:\/\/stonehouse.se\/produkt\/magnetkontakt-port-dc108\/"},"modified":"2026-04-08T16:59:02","modified_gmt":"2026-04-08T14:59:02","slug":"magnetkontakt-port-dc108","status":"publish","type":"product","link":"https:\/\/stonehouse.se\/en\/product\/magnetkontakt-port-dc108\/","title":{"rendered":"Magnetkontakt Port Dc 108"},"content":{"rendered":"<p>Portkontakt i aluminium, golvmontage. Arbetsavst\u00e5nd 0-58 mm. Fast kabel 2 m armerad metallslang. M\u00e5tt (magnet) 89 x 39 x 30 mm. DC108-serien portkontakter \u00e4r avsedd f\u00f6r anv\u00e4ndning i rigor\u00f6sa milj\u00f6er med kommersiella och industriella anl\u00e4ggningar. Golvmonterade enheter \u00e4r konstruerade med en aluminiumkapsling. Kopplingsenheten \u00e4r helt innesluten i en exklusiv polyuretan t\u00e4tningsf\u00f6rening f\u00f6r att f\u00f6rhindra skador p\u00e5 grund av fukt. Enkel installation. En bred arbetsglipa p\u00e5 upp till 7,5 cm g\u00f6r installationen enkel och hj\u00e4lper till att f\u00f6rhindra falsklarm orsakade av portens r\u00f6relse eller skadade och l\u00f6st sittande portar. M\u00e5tt (kontakt) 89 x 39 x 10 mm.<\/p>","protected":false},"excerpt":{"rendered":"<p>Magnetkontakt Port Dc 108<\/p>","protected":false},"featured_media":83684,"template":"","meta":{"_acf_changed":false},"product_brand":[],"product_cat":[466],"product_tag":[],"class_list":{"0":"post-31881","1":"product","2":"type-product","3":"status-publish","4":"has-post-thumbnail","6":"product_cat-magnetkontakter-inbrottslarm","7":"product_shipping_class-postnord-varubrev","8":"pa_brands-aritech","9":"tm-no-options","11":"first","12":"instock","13":"sale","14":"taxable","15":"shipping-taxable","16":"product-type-simple"},"acf":[],"_links":{"self":[{"href":"https:\/\/stonehouse.se\/en\/wp-json\/wp\/v2\/product\/31881","targetHints":{"allow":["GET"]}}],"collection":[{"href":"https:\/\/stonehouse.se\/en\/wp-json\/wp\/v2\/product"}],"about":[{"href":"https:\/\/stonehouse.se\/en\/wp-json\/wp\/v2\/types\/product"}],"wp:featuredmedia":[{"embeddable":true,"href":"https:\/\/stonehouse.se\/en\/wp-json\/wp\/v2\/media\/83684"}],"wp:attachment":[{"href":"https:\/\/stonehouse.se\/en\/wp-json\/wp\/v2\/media?parent=31881"}],"wp:term":[{"taxonomy":"product_brand","embeddable":true,"href":"https:\/\/stonehouse.se\/en\/wp-json\/wp\/v2\/product_brand?post=31881"},{"taxonomy":"product_cat","embeddable":true,"href":"https:\/\/stonehouse.se\/en\/wp-json\/wp\/v2\/product_cat?post=31881"},{"taxonomy":"product_tag","embeddable":true,"href":"https:\/\/stonehouse.se\/en\/wp-json\/wp\/v2\/product_tag?post=31881"}],"curies":[{"name":"wp","href":"https:\/\/api.w.org\/{rel}","templated":true}]}}