
{"id":31882,"date":"2022-06-28T12:45:25","date_gmt":"2022-06-28T10:45:25","guid":{"rendered":"https:\/\/stonehouse.se\/produkt\/plastadapter-mc-200-s21\/"},"modified":"2026-04-08T16:51:13","modified_gmt":"2026-04-08T14:51:13","slug":"plastadapter-mc-200-s21","status":"publish","type":"product","link":"https:\/\/stonehouse.se\/en\/product\/plastadapter-mc-200-s21\/","title":{"rendered":"Plastadapter Mc 200-S21"},"content":{"rendered":"<p>Plastadapter, vit, med fl\u00e4nsar som l\u00e5ser adaptern i underlaget. Passar f\u00f6r tv\u00e5 olika godstjocklekar: 1mm och 1,5mm. F\u00f6r inf\u00e4llning av magnetkontakter i omagnetiska d\u00f6rr- och f\u00f6nsterkarmar och fungerar till Alarmtechs magnetkontakter i metall: MC 240, MC 246, MC 247, MC 250, MC 255, MC 270, MC 272 samt MC 275. Motsvarande adpter finns \u00e4ven f\u00f6r 19mm, se MC 200-S31.<\/p>","protected":false},"excerpt":{"rendered":"<p>Plastadapter MC200-S21<\/p>","protected":false},"featured_media":83525,"template":"","meta":{"_acf_changed":false},"product_brand":[],"product_cat":[466],"product_tag":[],"class_list":{"0":"post-31882","1":"product","2":"type-product","3":"status-publish","4":"has-post-thumbnail","6":"product_cat-magnetkontakter-inbrottslarm","7":"product_shipping_class-postnord-varubrev","8":"pa_brands-alarmtech","9":"pa_farg-vit","10":"tm-no-options","12":"first","13":"instock","14":"sale","15":"taxable","16":"shipping-taxable","17":"product-type-simple"},"acf":[],"_links":{"self":[{"href":"https:\/\/stonehouse.se\/en\/wp-json\/wp\/v2\/product\/31882","targetHints":{"allow":["GET"]}}],"collection":[{"href":"https:\/\/stonehouse.se\/en\/wp-json\/wp\/v2\/product"}],"about":[{"href":"https:\/\/stonehouse.se\/en\/wp-json\/wp\/v2\/types\/product"}],"wp:featuredmedia":[{"embeddable":true,"href":"https:\/\/stonehouse.se\/en\/wp-json\/wp\/v2\/media\/83525"}],"wp:attachment":[{"href":"https:\/\/stonehouse.se\/en\/wp-json\/wp\/v2\/media?parent=31882"}],"wp:term":[{"taxonomy":"product_brand","embeddable":true,"href":"https:\/\/stonehouse.se\/en\/wp-json\/wp\/v2\/product_brand?post=31882"},{"taxonomy":"product_cat","embeddable":true,"href":"https:\/\/stonehouse.se\/en\/wp-json\/wp\/v2\/product_cat?post=31882"},{"taxonomy":"product_tag","embeddable":true,"href":"https:\/\/stonehouse.se\/en\/wp-json\/wp\/v2\/product_tag?post=31882"}],"curies":[{"name":"wp","href":"https:\/\/api.w.org\/{rel}","templated":true}]}}