
{"id":31886,"date":"2022-06-28T12:45:16","date_gmt":"2022-06-28T10:45:16","guid":{"rendered":"https:\/\/stonehouse.se\/produkt\/plastadapter-mc-200-s12\/"},"modified":"2026-04-08T16:47:12","modified_gmt":"2026-04-08T14:47:12","slug":"plastadapter-mc-200-s12","status":"publish","type":"product","link":"https:\/\/stonehouse.se\/en\/product\/plastadapter-mc-200-s12\/","title":{"rendered":"Plastadapter Mc 200-S12"},"content":{"rendered":"<p>Plastadapter med en extra stark magnet f\u00f6r inf\u00e4llning av magnetkontakter i d\u00f6rr- och f\u00f6nsterkarmar av st\u00e5l eller d\u00e4r ett st\u00f6rre arbetsavst\u00e5nd \u00f6nskas. Adaptern skruvas fast i underlaget f\u00f6r s\u00e4ker montering. Kontakten skruvas in och l\u00e5ses i adaptern och medger d\u00e4rmed justering av arbetsavst\u00e5ndet. Plastadaptern passar till Alarmtechs magnetkontakter i metall: MC 240, MC 246, MC 247, MC 250, MC 255, MC 270, MC 272 samt MC 275.<\/p>","protected":false},"excerpt":{"rendered":"<p>Plastadapter MC200-S12<\/p>","protected":false},"featured_media":83473,"template":"","meta":{"_acf_changed":false},"product_brand":[],"product_cat":[466],"product_tag":[],"class_list":{"0":"post-31886","1":"product","2":"type-product","3":"status-publish","4":"has-post-thumbnail","6":"product_cat-magnetkontakter-inbrottslarm","7":"product_shipping_class-postnord-varubrev","8":"pa_brands-alarmtech","9":"pa_farg-vit","10":"tm-no-options","12":"first","13":"instock","14":"sale","15":"taxable","16":"shipping-taxable","17":"product-type-simple"},"acf":[],"_links":{"self":[{"href":"https:\/\/stonehouse.se\/en\/wp-json\/wp\/v2\/product\/31886","targetHints":{"allow":["GET"]}}],"collection":[{"href":"https:\/\/stonehouse.se\/en\/wp-json\/wp\/v2\/product"}],"about":[{"href":"https:\/\/stonehouse.se\/en\/wp-json\/wp\/v2\/types\/product"}],"wp:featuredmedia":[{"embeddable":true,"href":"https:\/\/stonehouse.se\/en\/wp-json\/wp\/v2\/media\/83473"}],"wp:attachment":[{"href":"https:\/\/stonehouse.se\/en\/wp-json\/wp\/v2\/media?parent=31886"}],"wp:term":[{"taxonomy":"product_brand","embeddable":true,"href":"https:\/\/stonehouse.se\/en\/wp-json\/wp\/v2\/product_brand?post=31886"},{"taxonomy":"product_cat","embeddable":true,"href":"https:\/\/stonehouse.se\/en\/wp-json\/wp\/v2\/product_cat?post=31886"},{"taxonomy":"product_tag","embeddable":true,"href":"https:\/\/stonehouse.se\/en\/wp-json\/wp\/v2\/product_tag?post=31886"}],"curies":[{"name":"wp","href":"https:\/\/api.w.org\/{rel}","templated":true}]}}