
{"id":31932,"date":"2022-06-28T12:43:40","date_gmt":"2022-06-28T10:43:40","guid":{"rendered":"https:\/\/stonehouse.se\/produkt\/plastadapter-mc-200-s32\/"},"modified":"2026-04-08T16:49:59","modified_gmt":"2026-04-08T14:49:59","slug":"plastadapter-mc-200-s32","status":"publish","type":"product","link":"https:\/\/stonehouse.se\/en\/product\/plastadapter-mc-200-s32\/","title":{"rendered":"Plastadapter Mc 200-S32"},"content":{"rendered":"<p>Plastadapter, vit, med snap-in funktion, f\u00f6r inf\u00e4llning av magnetkontakter i magnetiska d\u00f6rr- och f\u00f6nsterkarmar d\u00e4r den ena plastadaptern inneh\u00e5ller en extra stark magnet f\u00f6r att ge ett bra arbetsavst\u00e5nd. Snap-in funktion passar f\u00f6r tv\u00e5 olika godstjocklekar, 1 mm och 1,5 mm och fungerar till Alarmtechs magnetkontakter i metall: MC 240, MC 246, MC 247, MC 250, MC 255, MC 270, MC 272 samt MC 275. Motsvarande adapter finns \u00e4ven f\u00f6r 25mm borrdiameter, se MC 200-S22.<\/p>","protected":false},"excerpt":{"rendered":"<p>Plastadapter MC200-S32<\/p>","protected":false},"featured_media":83699,"template":"","meta":{"_acf_changed":false},"product_brand":[],"product_cat":[466],"product_tag":[],"class_list":{"0":"post-31932","1":"product","2":"type-product","3":"status-publish","4":"has-post-thumbnail","6":"product_cat-magnetkontakter-inbrottslarm","7":"product_shipping_class-postnord-varubrev","8":"pa_brands-alarmtech","9":"pa_farg-vit","10":"tm-no-options","12":"first","13":"instock","14":"sale","15":"featured","16":"taxable","17":"shipping-taxable","18":"product-type-simple"},"acf":[],"_links":{"self":[{"href":"https:\/\/stonehouse.se\/en\/wp-json\/wp\/v2\/product\/31932","targetHints":{"allow":["GET"]}}],"collection":[{"href":"https:\/\/stonehouse.se\/en\/wp-json\/wp\/v2\/product"}],"about":[{"href":"https:\/\/stonehouse.se\/en\/wp-json\/wp\/v2\/types\/product"}],"wp:featuredmedia":[{"embeddable":true,"href":"https:\/\/stonehouse.se\/en\/wp-json\/wp\/v2\/media\/83699"}],"wp:attachment":[{"href":"https:\/\/stonehouse.se\/en\/wp-json\/wp\/v2\/media?parent=31932"}],"wp:term":[{"taxonomy":"product_brand","embeddable":true,"href":"https:\/\/stonehouse.se\/en\/wp-json\/wp\/v2\/product_brand?post=31932"},{"taxonomy":"product_cat","embeddable":true,"href":"https:\/\/stonehouse.se\/en\/wp-json\/wp\/v2\/product_cat?post=31932"},{"taxonomy":"product_tag","embeddable":true,"href":"https:\/\/stonehouse.se\/en\/wp-json\/wp\/v2\/product_tag?post=31932"}],"curies":[{"name":"wp","href":"https:\/\/api.w.org\/{rel}","templated":true}]}}