
{"id":31935,"date":"2022-06-28T12:43:13","date_gmt":"2022-06-28T10:43:13","guid":{"rendered":"https:\/\/stonehouse.se\/produkt\/magnetkontakt-mc-250-6\/"},"modified":"2026-04-08T16:47:12","modified_gmt":"2026-04-08T14:47:12","slug":"magnetkontakt-mc-250-6","status":"publish","type":"product","link":"https:\/\/stonehouse.se\/en\/product\/magnetkontakt-mc-250-6\/","title":{"rendered":"Magnetkontakt Mc 250-6"},"content":{"rendered":"<p>Magnetkontakt i litet format med NC funktion f\u00f6r inf\u00e4llt montage i d\u00f6rrar och f\u00f6nster. B\u00e5de kontakt- och magnetdelen \u00e4r i metall och utformade som en skruv med g\u00e4ngor vilket m\u00f6jligg\u00f6r enkel montering i tr\u00e4 eller plast. Ett stort tillbeh\u00f6rsprogram finns f\u00f6r inf\u00e4llt och f\u00f6r utanp\u00e5liggande montage, se bl.a. 6332743 tom 6332754. Resistanser och specifik kabell\u00e4ngd kan specialbest\u00e4llas.<\/p>","protected":false},"excerpt":{"rendered":"<p>Magnetkontakt Mc250-6<\/p>","protected":false},"featured_media":83533,"template":"","meta":{"_acf_changed":false},"product_brand":[],"product_cat":[466],"product_tag":[1848],"class_list":{"0":"post-31935","1":"product","2":"type-product","3":"status-publish","4":"has-post-thumbnail","6":"product_cat-magnetkontakter-inbrottslarm","7":"product_tag-sbsc-larmklass2","8":"product_shipping_class-postnord-varubrev","9":"pa_brands-alarmtech","10":"pa_farg-ovrigt","11":"tm-no-options","13":"first","14":"instock","15":"sale","16":"taxable","17":"shipping-taxable","18":"product-type-simple"},"acf":[],"_links":{"self":[{"href":"https:\/\/stonehouse.se\/en\/wp-json\/wp\/v2\/product\/31935","targetHints":{"allow":["GET"]}}],"collection":[{"href":"https:\/\/stonehouse.se\/en\/wp-json\/wp\/v2\/product"}],"about":[{"href":"https:\/\/stonehouse.se\/en\/wp-json\/wp\/v2\/types\/product"}],"wp:featuredmedia":[{"embeddable":true,"href":"https:\/\/stonehouse.se\/en\/wp-json\/wp\/v2\/media\/83533"}],"wp:attachment":[{"href":"https:\/\/stonehouse.se\/en\/wp-json\/wp\/v2\/media?parent=31935"}],"wp:term":[{"taxonomy":"product_brand","embeddable":true,"href":"https:\/\/stonehouse.se\/en\/wp-json\/wp\/v2\/product_brand?post=31935"},{"taxonomy":"product_cat","embeddable":true,"href":"https:\/\/stonehouse.se\/en\/wp-json\/wp\/v2\/product_cat?post=31935"},{"taxonomy":"product_tag","embeddable":true,"href":"https:\/\/stonehouse.se\/en\/wp-json\/wp\/v2\/product_tag?post=31935"}],"curies":[{"name":"wp","href":"https:\/\/api.w.org\/{rel}","templated":true}]}}