
{"id":31970,"date":"2022-06-28T12:31:26","date_gmt":"2022-06-28T10:31:26","guid":{"rendered":"https:\/\/stonehouse.se\/produkt\/kombidet-commercial-15m\/"},"modified":"2026-04-08T16:49:56","modified_gmt":"2026-04-08T14:49:56","slug":"bosch-kombidetektor-commercial-15m-isc-cdl1-w15ge","status":"publish","type":"product","link":"https:\/\/stonehouse.se\/en\/product\/bosch-kombidetektor-commercial-15m-isc-cdl1-w15ge\/","title":{"rendered":"Bosch Kombidetektor Commercial 15M ISC-CDL1-W15GE"},"content":{"rendered":"<h1>Bosch Kombidetektor Commercial 15M ISC-CDL1-WA15GE<\/h1>\n<p data-start=\"410\" data-end=\"1498\">Bosch ISC-CDL1-W15GE \u00e4r en avancerad kombidetektor som anv\u00e4nder b\u00e5de PIR (passiv IR) och mikrov\u00e5gsdetekteringsteknik (Dopplerradar) f\u00f6r att s\u00e4kerst\u00e4lla exakt och tillf\u00f6rlitlig detektering.<\/p>\n<p data-start=\"410\" data-end=\"1498\">Med ett t\u00e4ckningsomr\u00e5de p\u00e5 15 x 15 meter och inbyggt maskeringsskydd (anti-mask), \u00e4r denna detektor utformad f\u00f6r att leverera h\u00f6gsta s\u00e4kerhet i f\u00f6retagsapplikationer, samtidigt som den minimerar risken f\u00f6r falsklarm.<br data-start=\"846\" data-end=\"849\" \/>Den avancerade signalbehandlingen som anv\u00e4nds i denna detektor g\u00f6r det m\u00f6jligt att effektivt filtrera bort st\u00f6rningar och s\u00e4kerst\u00e4lla p\u00e5litlig detektering \u00e4ven i milj\u00f6er med m\u00e5nga potentiella interferenser.<\/p>\n<p data-start=\"410\" data-end=\"1498\">ISC-CDL1-W15GE har dessutom funktioner som valbara \u00e4ndmotst\u00e5nd, sj\u00e4lvl\u00e5sande kapsling med inbyggt vattenpass och en borttagbar kopplingsplint av hisstyp, vilket g\u00f6r installationen snabb och enkel.<br data-start=\"1253\" data-end=\"1256\" \/>Med en driftsvinkling p\u00e5 9 till 15 V DC och l\u00e5g str\u00f6mf\u00f6rbrukning i vilol\u00e4ge (15 mA), \u00e4r den ocks\u00e5 energieffektiv.<\/p>\n<p data-start=\"410\" data-end=\"1498\">Dessutom har den godk\u00e4nnanden enligt EN50130-5 klass II och uppfyller milj\u00f6krav f\u00f6r h\u00f6g luftfuktighet och temperaturvariationer.<\/p>\n<p data-start=\"1500\" data-end=\"1530\"><strong data-start=\"1500\" data-end=\"1528\">Funktioner och f\u00f6rdelar:<\/strong><\/p>\n<ul data-start=\"1531\" data-end=\"2092\">\n<li data-start=\"1531\" data-end=\"1584\">\n<p data-start=\"1533\" data-end=\"1584\">15 x 15 meter t\u00e4ckning f\u00f6r omfattande detektering<\/p>\n<\/li>\n<li data-start=\"1585\" data-end=\"1655\">\n<p data-start=\"1587\" data-end=\"1655\">Kombinerar PIR och mikrov\u00e5gsteknik (Dopplerradar) f\u00f6r h\u00f6g s\u00e4kerhet<\/p>\n<\/li>\n<li data-start=\"1656\" data-end=\"1728\">\n<p data-start=\"1658\" data-end=\"1728\">Inbyggt maskeringsskydd f\u00f6r att skydda mot sabotage och \u00f6vert\u00e4ckning<\/p>\n<\/li>\n<li data-start=\"1729\" data-end=\"1787\">\n<p data-start=\"1731\" data-end=\"1787\">Avancerad signalbehandling f\u00f6r h\u00f6g falsklarmsimmunitet<\/p>\n<\/li>\n<li data-start=\"1788\" data-end=\"1876\">\n<p data-start=\"1790\" data-end=\"1876\">Snabb och enkel installation med sj\u00e4lvl\u00e5sande kapsling och borttagbar kopplingsplint<\/p>\n<\/li>\n<li data-start=\"1877\" data-end=\"1935\">\n<p data-start=\"1879\" data-end=\"1935\">Valbara \u00e4ndmotst\u00e5nd f\u00f6r \u00f6kad installationsflexibilitet<\/p>\n<\/li>\n<li data-start=\"1936\" data-end=\"2005\">\n<p data-start=\"1938\" data-end=\"2005\">L\u00e5g str\u00f6mf\u00f6rbrukning (15 mA i vilol\u00e4ge) och energieffektiv design<\/p>\n<\/li>\n<li data-start=\"2006\" data-end=\"2092\">\n<p data-start=\"2008\" data-end=\"2092\">Godk\u00e4nd enligt EN50130-5 milj\u00f6klass II och temperaturintervall fr\u00e5n -30\u00b0C till +55\u00b0C<\/p>\n<\/li>\n<\/ul>\n<p data-start=\"2094\" data-end=\"2125\"><strong data-start=\"2094\" data-end=\"2123\">Tekniska specifikationer:<\/strong><\/p>\n<ul data-start=\"2126\" data-end=\"2700\">\n<li data-start=\"2126\" data-end=\"2153\">\n<p data-start=\"2128\" data-end=\"2153\">T\u00e4ckning: 15 x 15 meter<\/p>\n<\/li>\n<li data-start=\"2154\" data-end=\"2210\">\n<p data-start=\"2156\" data-end=\"2210\">Teknologi: PIR (passiv IR) + mikrov\u00e5g (Dopplerradar)<\/p>\n<\/li>\n<li data-start=\"2211\" data-end=\"2254\">\n<p data-start=\"2213\" data-end=\"2254\">Mikrov\u00e5gsfrekvens: 10,52 till 10,55 GHz<\/p>\n<\/li>\n<li data-start=\"2255\" data-end=\"2288\">\n<p data-start=\"2257\" data-end=\"2288\">Sp\u00e4nningsmatning: 9 &#8211; 15 V DC<\/p>\n<\/li>\n<li data-start=\"2289\" data-end=\"2350\">\n<p data-start=\"2291\" data-end=\"2350\">Str\u00f6mf\u00f6rbrukning: Vilol\u00e4ge = 15 mA, Maximal str\u00f6m = 35 mA<\/p>\n<\/li>\n<li data-start=\"2351\" data-end=\"2402\">\n<p data-start=\"2353\" data-end=\"2402\">Relativ luftfuktighet: 93% (icke-kondenserande)<\/p>\n<\/li>\n<li data-start=\"2403\" data-end=\"2456\">\n<p data-start=\"2405\" data-end=\"2456\">Temperaturintervall (vid drift): -30\u00b0C till +55\u00b0C<\/p>\n<\/li>\n<li data-start=\"2457\" data-end=\"2490\">\n<p data-start=\"2459\" data-end=\"2490\">Kapslingsklass (IEC529): IP41<\/p>\n<\/li>\n<li data-start=\"2491\" data-end=\"2517\">\n<p data-start=\"2493\" data-end=\"2517\">M\u00e5tt: 120 x 70 x 55 mm<\/p>\n<\/li>\n<li data-start=\"2518\" data-end=\"2660\">\n<p data-start=\"2520\" data-end=\"2660\">Skydd mot radiofrekvensst\u00f6rning (RFI): Inget larm p\u00e5 viktiga frekvenser i intervallet 150 kHz till 2,7 GHz vid f\u00e4ltstyrka mindre \u00e4n 10 V\/m<\/p>\n<\/li>\n<li data-start=\"2661\" data-end=\"2700\">\n<p data-start=\"2663\" data-end=\"2700\">Godk\u00e4nnanden: EN50130-5 milj\u00f6klass II<\/p>\n<\/li>\n<\/ul>","protected":false},"excerpt":{"rendered":"<p>PIR och mikrov\u00e5gs kombidetektor med 15 x 15 meter t\u00e4ckning och antimask.<\/p>\n<p>Falsklarmsimmunitet och avancerad signalbehandling f\u00f6r tillf\u00f6rlitlig detektion i f\u00f6retagsapplikationer.<\/p>","protected":false},"featured_media":83633,"template":"","meta":{"_acf_changed":false},"product_brand":[],"product_cat":[2615],"product_tag":[1460],"class_list":{"0":"post-31970","1":"product","2":"type-product","3":"status-publish","4":"has-post-thumbnail","6":"product_cat-rorelse-detektorer","7":"product_tag-rorelsedetektor-kombidetektorer","8":"product_shipping_class-tunga-paket","9":"pa_brands-bosch","10":"tm-no-options","12":"first","13":"outofstock","14":"sale","15":"taxable","16":"shipping-taxable","17":"product-type-simple"},"acf":[],"_links":{"self":[{"href":"https:\/\/stonehouse.se\/en\/wp-json\/wp\/v2\/product\/31970","targetHints":{"allow":["GET"]}}],"collection":[{"href":"https:\/\/stonehouse.se\/en\/wp-json\/wp\/v2\/product"}],"about":[{"href":"https:\/\/stonehouse.se\/en\/wp-json\/wp\/v2\/types\/product"}],"wp:featuredmedia":[{"embeddable":true,"href":"https:\/\/stonehouse.se\/en\/wp-json\/wp\/v2\/media\/83633"}],"wp:attachment":[{"href":"https:\/\/stonehouse.se\/en\/wp-json\/wp\/v2\/media?parent=31970"}],"wp:term":[{"taxonomy":"product_brand","embeddable":true,"href":"https:\/\/stonehouse.se\/en\/wp-json\/wp\/v2\/product_brand?post=31970"},{"taxonomy":"product_cat","embeddable":true,"href":"https:\/\/stonehouse.se\/en\/wp-json\/wp\/v2\/product_cat?post=31970"},{"taxonomy":"product_tag","embeddable":true,"href":"https:\/\/stonehouse.se\/en\/wp-json\/wp\/v2\/product_tag?post=31970"}],"curies":[{"name":"wp","href":"https:\/\/api.w.org\/{rel}","templated":true}]}}