
{"id":31973,"date":"2022-06-28T12:31:14","date_gmt":"2022-06-28T10:31:14","guid":{"rendered":"https:\/\/stonehouse.se\/produkt\/kombidet-am-commercial-15m\/"},"modified":"2026-04-08T16:49:59","modified_gmt":"2026-04-08T14:49:59","slug":"kombidet-am-commercial-15m","status":"publish","type":"product","link":"https:\/\/stonehouse.se\/en\/product\/kombidet-am-commercial-15m\/","title":{"rendered":"Bosch Kombidetektor Am Antismask Commercial 15M"},"content":{"rendered":"<p>ISC-CDL1-WA15GE \u00e4r en r\u00f6relsedetektor med PIR och mikrov\u00e5gor (Dopplerradar), 15 \u00d7 15 m t\u00e4ckning med maskeringsskydd (anti-mask). Commercial Series TriTech AM-r\u00f6relsedetektorer med maskeringsskydd \u00e4r designade f\u00f6r tillf\u00f6rlitlig detektering och falsklarmsimmunitet i f\u00f6retagsapplikationer. Commercial Series-r\u00f6relsedetektorer anv\u00e4nder en kombination av PIR (passiv IR) och mikrov\u00e5gsdetekteringstekniker (Dopplerradar) med avancerad signalbehandling. Installationen av Commercial Series-detektorerna sker enklare och mer tillf\u00f6rlitligt med funktioner som inbyggda och valbara \u00e4ndmotst\u00e5nd, sj\u00e4lvl\u00e5sande kapsling med inbyggt vattenpass och en borttagbar kopplingsplint av hisstyp. Teknikska data: Sp\u00e4nning (vid drift) 9 till 15 V DC. Str\u00f6m Vilol\u00e4ge =15 mA (UL: Maximal str\u00f6m = 35 mA). Frekvens mikrov\u00e5g: Frekvens: 10,52 till 10,55 GHz. Skydd mot radiofrekvensst\u00f6rning (RFI): Inget larm och ingen installation p\u00e5 viktiga frekvenser i intervallet 150 kHz till 2,7 GHz vid f\u00e4ltstyrka mindre \u00e4n 10 V\/m. Milj\u00f6: Uppfyller EN50130-5 milj\u00f6klass II. Relativ luftfuktighet 93 % (icke-kondenserande). Temperatur (vid drift): \u201330 till +55 \u00b0C UL: 0 till +49 \u00b0C. M\u00e5tt: 120 \u00d7 70 \u00d7 55 mm.<\/p>","protected":false},"excerpt":{"rendered":"<p>ISC-CDL1-WA15GE \u00e4r en r\u00f6relsedetektor med PIR och mikrov\u00e5gor (Dopplerradar), 15 \u00d7 15 m t\u00e4ckning med maskeringsskydd (anti-mask). Commercial Series TriTech<\/p>","protected":false},"featured_media":83503,"template":"","meta":{"_acf_changed":false},"product_brand":[],"product_cat":[2615],"product_tag":[1460],"class_list":{"0":"post-31973","1":"product","2":"type-product","3":"status-publish","4":"has-post-thumbnail","6":"product_cat-rorelse-detektorer","7":"product_tag-rorelsedetektor-kombidetektorer","8":"product_shipping_class-tunga-paket","9":"pa_brands-bosch","10":"tm-no-options","12":"first","13":"outofstock","14":"sale","15":"taxable","16":"shipping-taxable","17":"product-type-simple"},"acf":[],"_links":{"self":[{"href":"https:\/\/stonehouse.se\/en\/wp-json\/wp\/v2\/product\/31973","targetHints":{"allow":["GET"]}}],"collection":[{"href":"https:\/\/stonehouse.se\/en\/wp-json\/wp\/v2\/product"}],"about":[{"href":"https:\/\/stonehouse.se\/en\/wp-json\/wp\/v2\/types\/product"}],"wp:featuredmedia":[{"embeddable":true,"href":"https:\/\/stonehouse.se\/en\/wp-json\/wp\/v2\/media\/83503"}],"wp:attachment":[{"href":"https:\/\/stonehouse.se\/en\/wp-json\/wp\/v2\/media?parent=31973"}],"wp:term":[{"taxonomy":"product_brand","embeddable":true,"href":"https:\/\/stonehouse.se\/en\/wp-json\/wp\/v2\/product_brand?post=31973"},{"taxonomy":"product_cat","embeddable":true,"href":"https:\/\/stonehouse.se\/en\/wp-json\/wp\/v2\/product_cat?post=31973"},{"taxonomy":"product_tag","embeddable":true,"href":"https:\/\/stonehouse.se\/en\/wp-json\/wp\/v2\/product_tag?post=31973"}],"curies":[{"name":"wp","href":"https:\/\/api.w.org\/{rel}","templated":true}]}}