
{"id":31976,"date":"2022-06-28T12:30:38","date_gmt":"2022-06-28T10:30:38","guid":{"rendered":"https:\/\/stonehouse.se\/produkt\/kombidetektor-ir-mw-dd1012am\/"},"modified":"2026-04-08T16:47:35","modified_gmt":"2026-04-08T14:47:35","slug":"kombidetektor-ir-mw-dd1012am","status":"publish","type":"product","link":"https:\/\/stonehouse.se\/en\/product\/kombidetektor-ir-mw-dd1012am\/","title":{"rendered":"UTC Kombidetektor Ir\/Mw Dd1012Am"},"content":{"rendered":"<h1>UTC Kombidetektor Ir\/Mw Dd1012Am Antimask<\/h1>\n<p data-start=\"390\" data-end=\"812\">UTC Kombidetektor IR\/MW DD1012AM \u00e4r en del av DD1000-serien och erbjuder en innovativ kombination av passiv IR-teknik och patenterad mikrov\u00e5gsteknik med &#8220;Range Gated Radar&#8221;-teknologi.<\/p>\n<p data-start=\"390\" data-end=\"812\">Denna teknologi definierar en tydlig gr\u00e4nslinje som mikrov\u00e5gorna anv\u00e4nder f\u00f6r att m\u00e4ta avst\u00e5ndet mellan detektorn och det r\u00f6rliga objektet, vilket f\u00f6rhindrar st\u00f6rande larm fr\u00e5n r\u00f6relser utanf\u00f6r detekteringsomr\u00e5det.<\/p>\n<p data-start=\"814\" data-end=\"1124\">DD1012AM har fyra avst\u00e5ndsinst\u00e4llningar via DIP-switchar, vilket g\u00f6r det m\u00f6jligt att anpassa detektorn f\u00f6r olika rum och milj\u00f6er.<\/p>\n<p data-start=\"814\" data-end=\"1124\">Den patenterade spegeloptiken med glidande fokus skapar en kontinuerlig detekteringsrid\u00e5 fr\u00e5n golv till tak och erbjuder h\u00f6g precision genom sitt dubbel pyroelement och nio rid\u00e5er.<\/p>\n<p data-start=\"1126\" data-end=\"1404\">Detektorn \u00e4r dessutom utrustad med antimaskskydd som \u00f6vervakar b\u00e5de insidan och utsidan f\u00f6r att f\u00f6rhindra manipulering, s\u00e5som anv\u00e4ndning av spray eller tejp.<\/p>\n<p data-start=\"1126\" data-end=\"1404\">Mikrov\u00e5gsdelen skyddar mot falska larm orsakade av insekter och s\u00e4kerst\u00e4ller att endast verkliga hot genererar ett larm.<\/p>\n<p data-start=\"1406\" data-end=\"1435\"><strong data-start=\"1406\" data-end=\"1434\">Tekniska specifikationer<\/strong>:<\/p>\n<ul data-start=\"1436\" data-end=\"1990\">\n<li data-start=\"1436\" data-end=\"1477\">\n<p data-start=\"1438\" data-end=\"1477\"><strong data-start=\"1438\" data-end=\"1462\">Sp\u00e4nning (vid drift)<\/strong>: 9 till 15 VDC<\/p>\n<\/li>\n<li data-start=\"1478\" data-end=\"1507\">\n<p data-start=\"1480\" data-end=\"1507\"><strong data-start=\"1480\" data-end=\"1500\">Str\u00f6mf\u00f6rbrukning<\/strong>: 10 mA<\/p>\n<\/li>\n<li data-start=\"1508\" data-end=\"1553\">\n<p data-start=\"1510\" data-end=\"1553\"><strong data-start=\"1510\" data-end=\"1535\">Certifierad larmklass<\/strong>: SBSC Larmklass 3<\/p>\n<\/li>\n<li data-start=\"1554\" data-end=\"1601\">\n<p data-start=\"1556\" data-end=\"1601\"><strong data-start=\"1556\" data-end=\"1577\">Frekvens mikrov\u00e5g<\/strong>: 5,8 GHz (st\u00f6r ej WiFi)<\/p>\n<\/li>\n<li data-start=\"1602\" data-end=\"1625\">\n<p data-start=\"1604\" data-end=\"1625\"><strong data-start=\"1604\" data-end=\"1621\">Antimaskskydd<\/strong>: Ja<\/p>\n<\/li>\n<li data-start=\"1626\" data-end=\"1679\">\n<p data-start=\"1628\" data-end=\"1679\"><strong data-start=\"1628\" data-end=\"1658\">Patenterad mikrov\u00e5gsteknik<\/strong>: \u201cRange Gated Radar\u201d<\/p>\n<\/li>\n<li data-start=\"1680\" data-end=\"1739\">\n<p data-start=\"1682\" data-end=\"1739\"><strong data-start=\"1682\" data-end=\"1705\">Avst\u00e5ndsinst\u00e4llning<\/strong>: 4 valbara l\u00e4gen via DIP-switchar<\/p>\n<\/li>\n<li data-start=\"1740\" data-end=\"1783\">\n<p data-start=\"1742\" data-end=\"1783\"><strong data-start=\"1742\" data-end=\"1764\">Detekteringsomr\u00e5de<\/strong>: Upp till 20 meter<\/p>\n<\/li>\n<li data-start=\"1784\" data-end=\"1862\">\n<p data-start=\"1786\" data-end=\"1862\"><strong data-start=\"1786\" data-end=\"1808\">Spegeloptiksteknik<\/strong>: Glidande fokus med dubbel pyroelement och nio rid\u00e5er<\/p>\n<\/li>\n<li data-start=\"1863\" data-end=\"1887\">\n<p data-start=\"1865\" data-end=\"1887\"><strong data-start=\"1865\" data-end=\"1883\">Maskningsskydd<\/strong>: Ja<\/p>\n<\/li>\n<li data-start=\"1888\" data-end=\"1945\">\n<p data-start=\"1890\" data-end=\"1945\"><strong data-start=\"1890\" data-end=\"1912\">Installationsmetod<\/strong>: Enkel och flexibel installation<\/p>\n<\/li>\n<li data-start=\"1946\" data-end=\"1990\">\n<p data-start=\"1948\" data-end=\"1990\"><strong data-start=\"1948\" data-end=\"1956\">M\u00e5tt<\/strong>: Standardm\u00e5tt f\u00f6r takinstallation<\/p>\n<\/li>\n<\/ul>","protected":false},"excerpt":{"rendered":"<p>UTC DD1012AM \u00e4r en kombidetektor med IR och mikrov\u00e5gsteknik, maskningsskydd och 20 meters detektering.<\/p>\n<p>Utrustad med patenterad \u201cRange Gated Radar\u201d-teknologi och antimask, ger denna detektor h\u00f6gsta precision och tillf\u00f6rlitlighet.<\/p>","protected":false},"featured_media":83566,"template":"","meta":{"_acf_changed":false},"product_brand":[],"product_cat":[2615],"product_tag":[1460],"class_list":{"0":"post-31976","1":"product","2":"type-product","3":"status-publish","4":"has-post-thumbnail","6":"product_cat-rorelse-detektorer","7":"product_tag-rorelsedetektor-kombidetektorer","8":"product_shipping_class-tunga-paket","9":"pa_brands-aritech","10":"tm-no-options","12":"first","13":"outofstock","14":"sale","15":"taxable","16":"shipping-taxable","17":"product-type-simple"},"acf":[],"_links":{"self":[{"href":"https:\/\/stonehouse.se\/en\/wp-json\/wp\/v2\/product\/31976","targetHints":{"allow":["GET"]}}],"collection":[{"href":"https:\/\/stonehouse.se\/en\/wp-json\/wp\/v2\/product"}],"about":[{"href":"https:\/\/stonehouse.se\/en\/wp-json\/wp\/v2\/types\/product"}],"wp:featuredmedia":[{"embeddable":true,"href":"https:\/\/stonehouse.se\/en\/wp-json\/wp\/v2\/media\/83566"}],"wp:attachment":[{"href":"https:\/\/stonehouse.se\/en\/wp-json\/wp\/v2\/media?parent=31976"}],"wp:term":[{"taxonomy":"product_brand","embeddable":true,"href":"https:\/\/stonehouse.se\/en\/wp-json\/wp\/v2\/product_brand?post=31976"},{"taxonomy":"product_cat","embeddable":true,"href":"https:\/\/stonehouse.se\/en\/wp-json\/wp\/v2\/product_cat?post=31976"},{"taxonomy":"product_tag","embeddable":true,"href":"https:\/\/stonehouse.se\/en\/wp-json\/wp\/v2\/product_tag?post=31976"}],"curies":[{"name":"wp","href":"https:\/\/api.w.org\/{rel}","templated":true}]}}