
{"id":31979,"date":"2022-06-28T12:30:11","date_gmt":"2022-06-28T10:30:11","guid":{"rendered":"https:\/\/stonehouse.se\/produkt\/kombidetektor-ir-mw-ddv1016am\/"},"modified":"2026-04-08T16:48:45","modified_gmt":"2026-04-08T14:48:45","slug":"kombidetektor-ir-mw-ddv1016am","status":"publish","type":"product","link":"https:\/\/stonehouse.se\/en\/product\/kombidetektor-ir-mw-ddv1016am\/","title":{"rendered":"UTC Kombidetektor Ir\/Mw Ddv1016Am"},"content":{"rendered":"<h1>UTC Kombidetektor Ir\/Mw Ddv1016Am Antimask<\/h1>\n<p data-start=\"421\" data-end=\"814\">UTC Kombidetektor IR\/MW DDV1016AM tillh\u00f6r DDV1000-serien och anv\u00e4nder en kombination av passiv IR-teknik och mikrov\u00e5gor f\u00f6r att s\u00e4kerst\u00e4lla en h\u00f6g detektionsprecision och p\u00e5litlighet.<\/p>\n<p data-start=\"421\" data-end=\"814\">Mikrov\u00e5gsteknologin \u00e4r baserad p\u00e5 den patenterade \u201cRange Gated Radar\u201d-tekniken, som definierar en tydlig gr\u00e4ns f\u00f6r detektionsomr\u00e5det och hindrar larm fr\u00e5n r\u00f6relser utanf\u00f6r detta omr\u00e5de.<\/p>\n<p data-start=\"816\" data-end=\"1070\">Detektorn har fyra justerbara avst\u00e5ndsinst\u00e4llningar via DIP-switchar, vilket g\u00f6r det m\u00f6jligt att anpassa detekteringsomr\u00e5det efter rummets storlek.<\/p>\n<p data-start=\"816\" data-end=\"1070\">Med ett t\u00e4ckningsomr\u00e5de p\u00e5 upp till 16 meter och en frekvens p\u00e5 5,8 GHz, st\u00f6r DDV1016AM inte WiFi-n\u00e4tverk.<\/p>\n<p data-start=\"1072\" data-end=\"1484\">En s\u00e4rskild funktion hos DDV1016AM \u00e4r antimaskskyddet, som skyddar mot manipulering av detektorn, b\u00e5de p\u00e5 insidan och utsidan.<\/p>\n<p data-start=\"1072\" data-end=\"1484\">Mikrov\u00e5gsdelen f\u00f6rhindrar falska larm fr\u00e5n exempelvis insekter. I avancerad inst\u00e4llning kvarh\u00e5lls larmet tills k\u00e4llan f\u00f6r maskningen, s\u00e5som spray eller tejp, har tagits bort.<\/p>\n<p data-start=\"1072\" data-end=\"1484\">Den avancerade inst\u00e4llningen detekterar \u00e4ven delvis t\u00e4ckning, vilket g\u00e5r ut\u00f6ver EN Grade III-standardens krav.<\/p>\n<p data-start=\"1486\" data-end=\"1515\"><strong data-start=\"1486\" data-end=\"1514\">Tekniska specifikationer<\/strong>:<\/p>\n<ul data-start=\"1516\" data-end=\"2018\">\n<li data-start=\"1516\" data-end=\"1557\">\n<p data-start=\"1518\" data-end=\"1557\"><strong data-start=\"1518\" data-end=\"1542\">Sp\u00e4nning (vid drift)<\/strong>: 9 till 15 VDC<\/p>\n<\/li>\n<li data-start=\"1558\" data-end=\"1587\">\n<p data-start=\"1560\" data-end=\"1587\"><strong data-start=\"1560\" data-end=\"1580\">Str\u00f6mf\u00f6rbrukning<\/strong>: 10 mA<\/p>\n<\/li>\n<li data-start=\"1588\" data-end=\"1631\">\n<p data-start=\"1590\" data-end=\"1631\"><strong data-start=\"1590\" data-end=\"1612\">Detekteringsomr\u00e5de<\/strong>: Upp till 16 meter<\/p>\n<\/li>\n<li data-start=\"1632\" data-end=\"1653\">\n<p data-start=\"1634\" data-end=\"1653\"><strong data-start=\"1634\" data-end=\"1650\">Antal rid\u00e5er<\/strong>: 9<\/p>\n<\/li>\n<li data-start=\"1654\" data-end=\"1707\">\n<p data-start=\"1656\" data-end=\"1707\"><strong data-start=\"1656\" data-end=\"1686\">Patenterad mikrov\u00e5gsteknik<\/strong>: \u201cRange Gated Radar\u201d<\/p>\n<\/li>\n<li data-start=\"1708\" data-end=\"1755\">\n<p data-start=\"1710\" data-end=\"1755\"><strong data-start=\"1710\" data-end=\"1731\">Frekvens mikrov\u00e5g<\/strong>: 5,8 GHz (st\u00f6r ej WiFi)<\/p>\n<\/li>\n<li data-start=\"1756\" data-end=\"1779\">\n<p data-start=\"1758\" data-end=\"1779\"><strong data-start=\"1758\" data-end=\"1775\">Antimaskskydd<\/strong>: Ja<\/p>\n<\/li>\n<li data-start=\"1780\" data-end=\"1799\">\n<p data-start=\"1782\" data-end=\"1799\"><strong data-start=\"1782\" data-end=\"1795\">Larmminne<\/strong>: Ja<\/p>\n<\/li>\n<li data-start=\"1800\" data-end=\"1859\">\n<p data-start=\"1802\" data-end=\"1859\"><strong data-start=\"1802\" data-end=\"1825\">Avst\u00e5ndsinst\u00e4llning<\/strong>: 4 valbara l\u00e4gen via DIP-switchar<\/p>\n<\/li>\n<li data-start=\"1860\" data-end=\"1960\">\n<p data-start=\"1862\" data-end=\"1960\"><strong data-start=\"1862\" data-end=\"1887\">Kombidetektionsteknik<\/strong>: Mikrov\u00e5g och Passiv IR arbetar tillsammans f\u00f6r exakt larmklassificering<\/p>\n<\/li>\n<li data-start=\"1961\" data-end=\"2018\">\n<p data-start=\"1963\" data-end=\"2018\"><strong data-start=\"1963\" data-end=\"1985\">Installationsmetod<\/strong>: Enkel och flexibel installation<\/p>\n<\/li>\n<\/ul>","protected":false},"excerpt":{"rendered":"<p>UTC DDV1016AM \u00e4r en avancerad kombidetektor med IR och mikrov\u00e5gor, utrustad med antimaskskydd och larmminne.<\/p>\n<p>Med ett detekteringsomr\u00e5de p\u00e5 16 meter och patenterad \u201cRange Gated Radar\u201d-teknologi, erbjuder den exakt larmklassificering och skydd mot st\u00f6rningar.<\/p>","protected":false},"featured_media":83736,"template":"","meta":{"_acf_changed":false},"product_brand":[],"product_cat":[2615],"product_tag":[1460],"class_list":{"0":"post-31979","1":"product","2":"type-product","3":"status-publish","4":"has-post-thumbnail","6":"product_cat-rorelse-detektorer","7":"product_tag-rorelsedetektor-kombidetektorer","8":"product_shipping_class-tunga-paket","9":"pa_brands-aritech","10":"tm-no-options","12":"first","13":"outofstock","14":"sale","15":"taxable","16":"shipping-taxable","17":"product-type-simple"},"acf":[],"_links":{"self":[{"href":"https:\/\/stonehouse.se\/en\/wp-json\/wp\/v2\/product\/31979","targetHints":{"allow":["GET"]}}],"collection":[{"href":"https:\/\/stonehouse.se\/en\/wp-json\/wp\/v2\/product"}],"about":[{"href":"https:\/\/stonehouse.se\/en\/wp-json\/wp\/v2\/types\/product"}],"wp:featuredmedia":[{"embeddable":true,"href":"https:\/\/stonehouse.se\/en\/wp-json\/wp\/v2\/media\/83736"}],"wp:attachment":[{"href":"https:\/\/stonehouse.se\/en\/wp-json\/wp\/v2\/media?parent=31979"}],"wp:term":[{"taxonomy":"product_brand","embeddable":true,"href":"https:\/\/stonehouse.se\/en\/wp-json\/wp\/v2\/product_brand?post=31979"},{"taxonomy":"product_cat","embeddable":true,"href":"https:\/\/stonehouse.se\/en\/wp-json\/wp\/v2\/product_cat?post=31979"},{"taxonomy":"product_tag","embeddable":true,"href":"https:\/\/stonehouse.se\/en\/wp-json\/wp\/v2\/product_tag?post=31979"}],"curies":[{"name":"wp","href":"https:\/\/api.w.org\/{rel}","templated":true}]}}