
{"id":31981,"date":"2022-06-28T12:30:05","date_gmt":"2022-06-28T10:30:05","guid":{"rendered":"https:\/\/stonehouse.se\/produkt\/kombidetektor-ir-mw-dd1012\/"},"modified":"2026-04-08T16:50:42","modified_gmt":"2026-04-08T14:50:42","slug":"kombidetektor-ir-mw-dd1012","status":"publish","type":"product","link":"https:\/\/stonehouse.se\/en\/product\/kombidetektor-ir-mw-dd1012\/","title":{"rendered":"UCT Kombidetektor Ir\/Mw Dd1012"},"content":{"rendered":"<p>Kombidetektor IR\/MW. T\u00e4ckningsomr\u00e5de 12 m i 9 rid\u00e5er. Sp\u00e4nningsmatning 9-15 VDC, str\u00f6mf\u00f6rbrukning 8 mA. Certifierad larmklass 2. Patenterade och unik \u201dRange Gated Radar\u201d-teknik f\u00f6r exakta avst\u00e5ndsdetektering. Passiv IR med patenterade spegeloptik. Intelligenta larmbeslut baserat p\u00e5 signalbehandlingen av IR- och mikrov\u00e5gslarm. Automatisk och kontinuerlig sj\u00e4lvdiagnostik p\u00e5 alla teknologier. Gr\u00f6nt l\u00e4ge: m\u00f6jlighet att st\u00e4nga av mikrov\u00e5gen d\u00e5 inbrottslarmet inte \u00e4r tillkopplat. SBSC, Larmklass 2.<\/p>","protected":false},"excerpt":{"rendered":"<p>Kombidetektor IR\/MW. T\u00e4ckningsomr\u00e5de 12 m i 9 rid\u00e5er. Sp\u00e4nningsmatning 9-15 VDC, str\u00f6mf\u00f6rbrukning 8 mA. Certifierad larmklass 2. Patenterade och unik<\/p>","protected":false},"featured_media":83998,"template":"","meta":{"_acf_changed":false},"product_brand":[],"product_cat":[2615],"product_tag":[1460],"class_list":{"0":"post-31981","1":"product","2":"type-product","3":"status-publish","4":"has-post-thumbnail","6":"product_cat-rorelse-detektorer","7":"product_tag-rorelsedetektor-kombidetektorer","8":"product_shipping_class-tunga-paket","9":"pa_brands-aritech","10":"tm-no-options","12":"first","13":"outofstock","14":"sale","15":"taxable","16":"shipping-taxable","17":"product-type-simple"},"acf":[],"_links":{"self":[{"href":"https:\/\/stonehouse.se\/en\/wp-json\/wp\/v2\/product\/31981","targetHints":{"allow":["GET"]}}],"collection":[{"href":"https:\/\/stonehouse.se\/en\/wp-json\/wp\/v2\/product"}],"about":[{"href":"https:\/\/stonehouse.se\/en\/wp-json\/wp\/v2\/types\/product"}],"wp:featuredmedia":[{"embeddable":true,"href":"https:\/\/stonehouse.se\/en\/wp-json\/wp\/v2\/media\/83998"}],"wp:attachment":[{"href":"https:\/\/stonehouse.se\/en\/wp-json\/wp\/v2\/media?parent=31981"}],"wp:term":[{"taxonomy":"product_brand","embeddable":true,"href":"https:\/\/stonehouse.se\/en\/wp-json\/wp\/v2\/product_brand?post=31981"},{"taxonomy":"product_cat","embeddable":true,"href":"https:\/\/stonehouse.se\/en\/wp-json\/wp\/v2\/product_cat?post=31981"},{"taxonomy":"product_tag","embeddable":true,"href":"https:\/\/stonehouse.se\/en\/wp-json\/wp\/v2\/product_tag?post=31981"}],"curies":[{"name":"wp","href":"https:\/\/api.w.org\/{rel}","templated":true}]}}